{"id":25,"date":"2023-02-02T19:31:04","date_gmt":"2023-02-02T17:31:04","guid":{"rendered":"https:\/\/2in1.org.ua\/?page_id=25"},"modified":"2025-11-28T18:26:08","modified_gmt":"2025-11-28T16:26:08","slug":"home","status":"publish","type":"page","link":"https:\/\/2in1.org.ua\/fr\/","title":{"rendered":"Home"},"content":{"rendered":"\r\n<div class=\"wp-block-cover alignwide is-light has-small-font-size wp-duotone-unset-1\" style=\"margin-top: var(--wp--preset--spacing--70); margin-bottom: var(--wp--preset--spacing--60); min-height: 627px; padding: var(--wp--preset--spacing--50);aspect-ratio:unset;\">\r\n<div class=\"wp-block-cover__inner-container is-layout-flow wp-block-cover-is-layout-flow\">\r\n<div class=\"wp-block-media-text alignwide is-stacked-on-mobile has-medium-font-size\" style=\"grid-template-columns: 35% auto;\">\r\n<figure class=\"wp-block-media-text__media\"><img loading=\"lazy\" decoding=\"async\" width=\"293\" height=\"300\" class=\"wp-image-295 size-medium\" src=\"https:\/\/2in1.org.ua\/wp-content\/uploads\/2023\/02\/photo_2023-01-11_15-54-34-293x300.jpg\" alt=\"\" srcset=\"https:\/\/2in1.org.ua\/wp-content\/uploads\/2023\/02\/photo_2023-01-11_15-54-34-293x300.jpg 293w, https:\/\/2in1.org.ua\/wp-content\/uploads\/2023\/02\/photo_2023-01-11_15-54-34.jpg 502w\" sizes=\"auto, (max-width: 293px) 100vw, 293px\" \/><\/figure>\r\n<div class=\"wp-block-media-text__content\">\r\n<h2 class=\"p1 wp-block-heading\">Nous restaurons les fondations pour les g\u00e9n\u00e9rations futures, reconstruisons ce qui a \u00e9t\u00e9 d\u00e9truit et redonnons espoir et dignit\u00e9.<\/h2>\r\n\r\n\r\n\r\n<div class=\"wp-block-buttons has-custom-font-size has-large-font-size is-content-justification-center is-layout-flex wp-container-core-buttons-is-layout-c124d1c4 wp-block-buttons-is-layout-flex\"><\/div>\r\n<\/div>\r\n<\/div>\r\n<\/div>\r\n<\/div>\r\n\r\n\r\n\r\n<div id=\"services\" class=\"inherit-container-width wp-block-group alignfull is-layout-constrained wp-block-group-is-layout-constrained\" style=\"padding-top: 0px; padding-bottom: 72px;\">\r\n<h2 class=\"wp-block-heading has-text-align-center\">NOTRE MISSION<\/h2>\r\n<p class=\"p1\"><b>Le Club Familial Deux en Un<\/b><\/p>\r\n<p>\u00a0\u00a0\u00a0\u00a0\u00a0\u00a0\u00a0\u00a0 \u00a0\u00a0\u00a0\u00a0\u00a0La\u00a0guerre en Ukraine continue de faire des ravages. Des milliers de personnes ont perdu leurs proches, leurs foyers et leurs rep\u00e8res. Face \u00e0 cette d\u00e9tresse, nous avons choisi d\u2019agir.<\/p>\r\n<p>\u00a0 \u00a0 \u00a0 \u00a0 \u00a0 \u00a0Notre mission : reconstruire ce qui a \u00e9t\u00e9 d\u00e9truit, poser des fondations solides pour l\u2019avenir et redonner espoir et dignit\u00e9 au peuple ukrainien.<\/p>\r\n<p class=\"has-text-align-center\"><strong>Nos principaux objectifs :<\/strong><\/p>\r\n<p>\u00a0 \u00a0 \u00a0 \u00a0 \u00a0 \u00a0Apporter un soutien vital aux Ukrainiens ayant souffert de l\u2019occupation : en leur fournissant un abri, de la nourriture, des produits d\u2019hygi\u00e8ne, des articles m\u00e9nagers de base et des v\u00eatements.<\/p>\r\n<p>\u00a0 \u00a0 \u00a0 \u00a0 \u00a0 \u00a0R\u00e9pondre aux cons\u00e9quences des attaques de missiles qui ont priv\u00e9 de nombreuses communaut\u00e9s d\u2019\u00e9lectricit\u00e9, d\u2019eau et de chauffage. Pour soulager ces difficult\u00e9s, nous distribuons des matelas, du linge de lit, des couvertures, des bougies, des piles, du bois de chauffage, et bien plus encore.<\/p>\r\n<p>\u00a0 \u00a0 \u00a0 \u00a0 \u00a0 \u00a0Forts de notre exp\u00e9rience dans l\u2019accompagnement \u00e9motionnel et spirituel, nous aidons les personnes \u00e0 faire face aux traumatismes psychologiques li\u00e9s \u00e0 la guerre. Lors de s\u00e9minaires et de consultations, nous abordons des sujets tels que la vie sous l\u2019occupation, la solitude, l\u2019abandon, les divorces en temps de guerre, la pr\u00e9servation des valeurs familiales, et le sentiment de culpabilit\u00e9.<\/p>\r\n<p>\u00a0\u00a0\u00a0\u00a0\u00a0\u00a0\u00a0\u00a0 \u00a0\u00a0\u00a0\u00a0 Organiser la logistique pour acheminer des denr\u00e9es alimentaires essentielles aux personnes en situation de handicap.<\/p>\r\n<p>\u00a0\u00a0\u00a0\u00a0\u00a0\u00a0\u00a0\u00a0 \u00a0\u00a0\u00a0\u00a0 L\u2019association <i>Club Familial \u201cDeux en Un\u201d<\/i> croit fermement en la r\u00e9silience de notre peuple. Nous sommes d\u00e9termin\u00e9s \u00e0 rester \u00e0 leurs c\u00f4t\u00e9s, pour surmonter les \u00e9preuves, pas \u00e0 pas.<\/p>\r\n<h1 class=\"wp-block-heading has-text-align-center has-ast-global-color-8-color has-text-color has-background has-x-large-font-size\" style=\"background: linear-gradient(#00a2ff 0%, #fecf00 100%); text-align: center;\"><strong>L&rsquo;Ukraine vaincra !<\/strong><\/h1>\r\n<div class=\"wp-block-buttons has-custom-font-size has-medium-font-size\">\r\n<div>\u00a0<\/div>\r\n<div class=\"wp-block-button is-style-fill\" style=\"text-align: center;\"><a class=\"wp-block-button__link wp-element-button\" style=\"border-radius: 100px;\" href=\"https:\/\/choko.link\/dva_v_odnom_club\" rel=\"https:\/\/choko.link\/dva_v_odnom_club\">CLIQUEZ ICI pour voir toutes nos ressources en ligne<\/a><\/div>\r\n<\/div>\r\n<p><!-- \/wp:post-content -->\r\n\r\n<!-- wp:paragraph {\"align\":\"left\"} --><\/p>\r\n<p class=\"has-text-align-left\" style=\"text-align: center;\">\ud83d\udc46 <a href=\"https:\/\/tiktok.com\/@dva.v.odnom_club\" data-type=\"URL\" data-id=\"https:\/\/tiktok.com\/@dva.v.odnom_club\"><img loading=\"lazy\" decoding=\"async\" width=\"50\" height=\"50\" class=\"wp-image-870\" style=\"width: 50px;\" src=\"https:\/\/2in1.org.ua\/wp-content\/uploads\/2023\/03\/image-35.png\" alt=\"\" srcset=\"https:\/\/2in1.org.ua\/wp-content\/uploads\/2023\/03\/image-35.png 512w, https:\/\/2in1.org.ua\/wp-content\/uploads\/2023\/03\/image-35-300x300.png 300w, https:\/\/2in1.org.ua\/wp-content\/uploads\/2023\/03\/image-35-150x150.png 150w\" sizes=\"auto, (max-width: 50px) 100vw, 50px\" \/><\/a> \ud83d\udc46 <a href=\"https:\/\/instagram.com\/dva.v.odnom_club?igshid=YmMyMTA2M2Y=\" data-type=\"URL\" data-id=\"https:\/\/instagram.com\/dva.v.odnom_club?igshid=YmMyMTA2M2Y=\"><img loading=\"lazy\" decoding=\"async\" width=\"50\" height=\"50\" class=\"wp-image-875\" style=\"width: 50px;\" src=\"https:\/\/2in1.org.ua\/wp-content\/uploads\/2023\/03\/instagram.png\" alt=\"\" srcset=\"https:\/\/2in1.org.ua\/wp-content\/uploads\/2023\/03\/instagram.png 512w, https:\/\/2in1.org.ua\/wp-content\/uploads\/2023\/03\/instagram-300x300.png 300w, https:\/\/2in1.org.ua\/wp-content\/uploads\/2023\/03\/instagram-150x150.png 150w\" sizes=\"auto, (max-width: 50px) 100vw, 50px\" \/><\/a> \ud83d\udc46 <a href=\"https:\/\/www.facebook.com\/profile.php?id=100067122257315\" data-type=\"URL\" data-id=\"https:\/\/www.facebook.com\/profile.php?id=100067122257315\"><img loading=\"lazy\" decoding=\"async\" width=\"50\" height=\"50\" class=\"wp-image-876\" style=\"width: 50px;\" src=\"https:\/\/2in1.org.ua\/wp-content\/uploads\/2023\/03\/facebook-picture-5a3c060eccfa84.1675788915138831508396.jpg\" alt=\"\" srcset=\"https:\/\/2in1.org.ua\/wp-content\/uploads\/2023\/03\/facebook-picture-5a3c060eccfa84.1675788915138831508396.jpg 260w, https:\/\/2in1.org.ua\/wp-content\/uploads\/2023\/03\/facebook-picture-5a3c060eccfa84.1675788915138831508396-150x150.jpg 150w\" sizes=\"auto, (max-width: 50px) 100vw, 50px\" \/><\/a> \ud83d\udc46 <a href=\"https:\/\/www.youtube.com\/channel\/UC6WOWCcxCy4dsei5eb-9Pxg\" data-type=\"URL\" data-id=\"https:\/\/www.youtube.com\/channel\/UC6WOWCcxCy4dsei5eb-9Pxg\"><img loading=\"lazy\" decoding=\"async\" width=\"50\" height=\"50\" class=\"wp-image-877\" style=\"width: 50px;\" src=\"https:\/\/2in1.org.ua\/wp-content\/uploads\/2023\/03\/4096116.png\" alt=\"\" srcset=\"https:\/\/2in1.org.ua\/wp-content\/uploads\/2023\/03\/4096116.png 512w, https:\/\/2in1.org.ua\/wp-content\/uploads\/2023\/03\/4096116-300x300.png 300w, https:\/\/2in1.org.ua\/wp-content\/uploads\/2023\/03\/4096116-150x150.png 150w\" sizes=\"auto, (max-width: 50px) 100vw, 50px\" \/><\/a> \ud83d\udc46<a href=\"https:\/\/twitter.com\/Dva_v_Odnomu\" target=\"_blank\" rel=\"noopener\"><img loading=\"lazy\" decoding=\"async\" class=\"alignnone wp-image-1376\" src=\"https:\/\/2in1.org.ua\/wp-content\/uploads\/2023\/12\/image-150x150.png\" alt=\"Twitter X\" width=\"50\" height=\"50\" srcset=\"https:\/\/2in1.org.ua\/wp-content\/uploads\/2023\/12\/image-150x150.png 150w, https:\/\/2in1.org.ua\/wp-content\/uploads\/2023\/12\/image-300x300.png 300w, https:\/\/2in1.org.ua\/wp-content\/uploads\/2023\/12\/image.png 600w\" sizes=\"auto, (max-width: 50px) 100vw, 50px\" \/><\/a><\/p>\r\n<\/div>\r\n<p style=\"text-align: center;\"><strong><span style=\"font-size: 16px;\">Nos repr\u00e9sentants<\/span><\/strong><\/p>\r\n<p>&nbsp;<\/p>\r\n<!-- \/wp:paragraph -->\r\n\r\n<!-- wp:latest-posts {\"categories\":[{\"id\":21,\"count\":1,\"description\":\"\",\"link\":\"https:\/\/2in1.org.ua\/uk\/category\/%d0%bf%d1%80%d0%be%d1%94%d0%ba%d1%82\/\",\"name\":\"\u041f\u0440\u043e\u0454\u043a\u0442\",\"slug\":\"%d0%bf%d1%80%d0%be%d1%94%d0%ba%d1%82\",\"taxonomy\":\"category\",\"parent\":0,\"meta\":[],\"_links\":{\"self\":[{\"href\":\"https:\/\/2in1.org.ua\/uk\/wp-json\/wp\/v2\/categories\/21\"}],\"collection\":[{\"href\":\"https:\/\/2in1.org.ua\/uk\/wp-json\/wp\/v2\/categories\"}],\"about\":[{\"href\":\"https:\/\/2in1.org.ua\/uk\/wp-json\/wp\/v2\/taxonomies\/category\"}],\"wp:post_type\":[{\"href\":\"https:\/\/2in1.org.ua\/uk\/wp-json\/wp\/v2\/posts?categories=21\"}],\"curies\":[{\"name\":\"wp\",\"href\":\"https:\/\/api.w.org\/{rel}\",\"templated\":true}]}}],\"postsToShow\":23,\"postLayout\":\"grid\",\"displayFeaturedImage\":true,\"featuredImageAlign\":\"center\",\"featuredImageSizeSlug\":\"medium\",\"addLinkToFeaturedImage\":true,\"fontSize\":\"medium\"} \/-->\r\n\r\n<!-- wp:media-text {\"mediaPosition\":\"right\",\"mediaId\":904,\"mediaLink\":\"https:\/\/2in1.org.ua\/uk\/home\/%d0%b2-%d0%b2-2\/\",\"linkDestination\":\"custom\",\"mediaType\":\"image\",\"mediaWidth\":67,\"mediaSizeSlug\":\"full\",\"imageFill\":false,\"style\":{\"color\":{\"gradient\":\"linear-gradient(35deg,rgb(238,238,238) 0%,rgb(169,184,195) 100%)\"},\"spacing\":{\"margin\":{\"top\":\"var:preset|spacing|30\",\"right\":\"var:preset|spacing|30\",\"bottom\":\"var:preset|spacing|30\",\"left\":\"var:preset|spacing|30\"}}},\"fontSize\":\"medium\"} -->\r\n<div class=\"wp-block-group\">\r\n<div class=\"wp-block-columns\">\r\n<div class=\"wp-block-column\">\r\n<figure class=\"wp-block-image aligncenter size-large is-resized is-style-rounded\"><img loading=\"lazy\" decoding=\"async\" class=\"wp-image-590\" src=\"https:\/\/2in1.org.ua\/wp-content\/uploads\/2023\/02\/photo_2023-01-08_18-23-52-edited.jpg\" alt=\"\" width=\"168\" height=\"225\" srcset=\"https:\/\/2in1.org.ua\/wp-content\/uploads\/2023\/02\/photo_2023-01-08_18-23-52-edited.jpg 640w, https:\/\/2in1.org.ua\/wp-content\/uploads\/2023\/02\/photo_2023-01-08_18-23-52-edited-225x300.jpg 225w\" sizes=\"auto, (max-width: 168px) 100vw, 168px\" \/>\r\n<figcaption class=\"wp-element-caption\">Sergiy Bykov<\/figcaption>\r\n<\/figure>\r\n<!-- \/wp:media-text --><\/div>\r\n<!-- \/wp:column -->\r\n\r\n<!-- wp:column -->\r\n<div class=\"wp-block-column\"><!-- wp:image {\"align\":\"center\",\"id\":595,\"width\":168,\"height\":225,\"sizeSlug\":\"large\",\"linkDestination\":\"none\",\"className\":\"is-style-rounded\"} -->\r\n<figure class=\"wp-block-image aligncenter size-large is-resized is-style-rounded\"><img loading=\"lazy\" decoding=\"async\" class=\"wp-image-595\" src=\"https:\/\/2in1.org.ua\/wp-content\/uploads\/2023\/02\/photo_2023-01-08_18-33-59-2-edited.jpg\" alt=\"\" width=\"168\" height=\"225\" srcset=\"https:\/\/2in1.org.ua\/wp-content\/uploads\/2023\/02\/photo_2023-01-08_18-33-59-2-edited.jpg 480w, https:\/\/2in1.org.ua\/wp-content\/uploads\/2023\/02\/photo_2023-01-08_18-33-59-2-edited-225x300.jpg 225w\" sizes=\"auto, (max-width: 168px) 100vw, 168px\" \/>\r\n<figcaption class=\"wp-element-caption\">Bykova Yanina<\/figcaption>\r\n<\/figure>\r\n<!-- \/wp:image --><\/div>\r\n<!-- \/wp:column --><\/div>\r\n<!-- \/wp:columns --><\/div>\r\n<!-- \/wp:group -->\r\n\r\n<!-- wp:group {\"layout\":{\"inherit\":true,\"type\":\"constrained\"}} -->\r\n<div class=\"wp-block-group\"><!-- wp:paragraph {\"align\":\"center\",\"textColor\":\"ast-global-color-8\",\"fontSize\":\"x-large\"} -->\r\n<p class=\"has-text-align-center has-ast-global-color-8-color has-text-color has-x-large-font-size\" style=\"text-align: center;\"><strong>Nos\u00a0b\u00e9n\u00e9voles<\/strong><\/p>\r\n<!-- \/wp:paragraph -->\r\n\r\n<!-- wp:columns -->\r\n<div class=\"wp-block-columns\">\r\n<div class=\"wp-block-column\">\r\n<figure class=\"wp-block-image aligncenter size-medium is-resized is-style-rounded\"><img loading=\"lazy\" decoding=\"async\" class=\"alignnone wp-image-1856 \" src=\"https:\/\/2in1.org.ua\/wp-content\/uploads\/2025\/08\/johandutoit-240x300.jpeg\" alt=\"\" width=\"183\" height=\"229\" srcset=\"https:\/\/2in1.org.ua\/wp-content\/uploads\/2025\/08\/johandutoit-240x300.jpeg 240w, https:\/\/2in1.org.ua\/wp-content\/uploads\/2025\/08\/johandutoit-819x1024.jpeg 819w, https:\/\/2in1.org.ua\/wp-content\/uploads\/2025\/08\/johandutoit-768x960.jpeg 768w, https:\/\/2in1.org.ua\/wp-content\/uploads\/2025\/08\/johandutoit-1229x1536.jpeg 1229w, https:\/\/2in1.org.ua\/wp-content\/uploads\/2025\/08\/johandutoit.jpeg 1440w\" sizes=\"auto, (max-width: 183px) 100vw, 183px\" \/>\r\n<figcaption class=\"wp-element-caption\">Johan du Toit<br \/><img loading=\"lazy\" decoding=\"async\" class=\"alignnone wp-image-1874 size-medium\" src=\"https:\/\/2in1.org.ua\/wp-content\/uploads\/2025\/08\/WhatsApp-Image-2025-08-02-at-19.00.39-194x300.jpeg\" alt=\"\" width=\"194\" height=\"300\" srcset=\"https:\/\/2in1.org.ua\/wp-content\/uploads\/2025\/08\/WhatsApp-Image-2025-08-02-at-19.00.39-194x300.jpeg 194w, https:\/\/2in1.org.ua\/wp-content\/uploads\/2025\/08\/WhatsApp-Image-2025-08-02-at-19.00.39-661x1024.jpeg 661w, https:\/\/2in1.org.ua\/wp-content\/uploads\/2025\/08\/WhatsApp-Image-2025-08-02-at-19.00.39-768x1190.jpeg 768w, https:\/\/2in1.org.ua\/wp-content\/uploads\/2025\/08\/WhatsApp-Image-2025-08-02-at-19.00.39.jpeg 826w\" sizes=\"auto, (max-width: 194px) 100vw, 194px\" \/><br \/>Oleksandr Holinshchak<\/figcaption>\r\n<\/figure>\r\n<\/div>\r\n<\/div>\r\n<div class=\"wp-block-column\">\u00a0<\/div>\r\n<div class=\"wp-block-columns\">\r\n<div>\u00a0<\/div>\r\n<div class=\"wp-block-column\"><b style=\"font-size: 1.5em; font-style: inherit;\">Pourquoi soutenir notre association, le Club Familial \u201cDeux en Un\u201d ?<\/b><\/div>\r\n<div>\u00a0<\/div>\r\n<\/div>\r\n<\/div>\r\n<!-- \/wp:group -->\r\n\r\n<!-- wp:paragraph -->\r\n<p>\u00a0\u00a0\u00a0\u00a0\u00a0\u00a0\u00a0\u00a0 \u00a0\u00a0\u00a0\u00a0\u00a0Faire le bien et aider les autres sont des principes de vie qui m\u00e8nent au bonheur. \u00ab Il y a plus de bonheur \u00e0 donner qu\u2019\u00e0 recevoir \u00bb, dit la Bible. De nombreuses \u00e9tudes scientifiques confirment d\u2019ailleurs que nous nous sentons plus heureux lorsque nous prenons soin des autres, et pas seulement de nous-m\u00eames. En aidant, on grandit. L\u2019engagement caritatif contribue \u00e0 l\u2019\u00e9panouissement personnel et \u00e0 la sant\u00e9 int\u00e9rieure.<\/p>\r\n<!-- \/wp:paragraph -->\r\n\r\n<!-- wp:paragraph -->\r\n<p>\u00a0 \u00a0 \u00a0 \u00a0 \u00a0 \u00a0 \u00a0 Faire de la charit\u00e9, c\u2019est aussi se sentir utile et important pour la soci\u00e9t\u00e9. Offrir son aide peut \u00eatre un v\u00e9ritable rem\u00e8de face aux blessures psychologiques. Il est prouv\u00e9 qu\u2019on se sent mieux quand on sait qu\u2019on a contribu\u00e9 \u00e0 am\u00e9liorer la vie d\u2019une personne en difficult\u00e9.<\/p>\r\n<!-- \/wp:paragraph -->\r\n\r\n<!-- wp:paragraph -->\r\n<p>\u00a0\u00a0\u00a0\u00a0\u00a0\u00a0\u00a0\u00a0 \u00a0\u00a0\u00a0\u00a0\u00a0La g\u00e9n\u00e9rosit\u00e9 et le d\u00e9sint\u00e9ressement sont parmi les qualit\u00e9s les plus admir\u00e9es chez un entrepreneur. De nombreux investisseurs et chefs d\u2019entreprise s\u2019engagent activement dans des actions solidaires, ce qui renforce leur image tout en leur apportant des retours pr\u00e9cieux et durables.<\/p>\r\n<!-- \/wp:paragraph -->\r\n\r\n<!-- wp:paragraph -->\r\n<p>\u00a0\u00a0\u00a0\u00a0\u00a0\u00a0\u00a0\u00a0 \u00a0\u00a0\u00a0\u00a0\u00a0Si vous souhaitez faire un don ou consacrer un pourcentage de vos revenus \u00e0 une cause utile, notre organisation est un excellent choix. Nous connaissons d\u00e9j\u00e0 les personnes qui ont un besoin urgent d\u2019aide, et nous savons comment leur apporter un soutien concret et rapide.<\/p>\r\n<!-- \/wp:paragraph -->\r\n\r\n<!-- wp:paragraph -->\r\n<p>\u00a0\u00a0\u00a0\u00a0\u00a0\u00a0\u00a0\u00a0 \u00a0\u00a0\u00a0\u00a0\u00a0Vous\u00a0pouvez avoir confiance en notre fiabilit\u00e9 et notre int\u00e9grit\u00e9 : notre organisation est r\u00e9guli\u00e8rement contr\u00f4l\u00e9e par les autorit\u00e9s comp\u00e9tentes.<\/p>\r\n<!-- \/wp:paragraph -->\r\n\r\n<!-- wp:paragraph -->\r\n<p>\u00a0\u00a0\u00a0\u00a0\u00a0\u00a0\u00a0\u00a0 \u00a0\u00a0\u00a0\u00a0\u00a0Il n\u2019est pas n\u00e9cessaire d\u2019\u00eatre riche pour aider. Chaque Dollar, Euro ou Hryvnia compte. Les plus grandes collectes de fonds reposent souvent sur une mobilisation collective, o\u00f9 chacun donne simplement 10 \u00e0 100 Hryvnias.<\/p>\r\n<!-- \/wp:paragraph -->\r\n\r\n<!-- wp:paragraph -->\r\n<p>\u00a0 \u00a0 \u00a0 \u00a0 \u00a0 \u00a0Aidez-nous \u00e0 changer les choses, concr\u00e8tement. M\u00eame si nous ne sommes pas encore tr\u00e8s connus, nous avons des ann\u00e9es d\u2019exp\u00e9rience sur le terrain et une profonde vocation pour le travail caritatif. Notre approche est \u00e0 la fois rigoureuse et humaine.<\/p>\r\n<!-- \/wp:paragraph -->\r\n\r\n<!-- wp:paragraph -->\r\n<p>\u00a0\u00a0\u00a0\u00a0\u00a0\u00a0\u00a0\u00a0 \u00a0\u00a0\u00a0\u00a0\u00a0Nous vous garantissons que votre don apportera non seulement de la joie \u00e0 ceux qui en ont besoin, mais aussi \u00e0 vous-m\u00eame\u2014car peu de choses procurent autant de satisfaction que le fait de donner. En ces temps difficiles, l\u2019aide est plus pr\u00e9cieuse que jamais. En nous soutenant, vous avez l\u2019assurance que votre contribution ira l\u00e0 o\u00f9 elle est le plus n\u00e9cessaire, avec efficacit\u00e9 et bienveillance.<\/p>\r\n<!-- \/wp:paragraph -->\r\n\r\n<!-- wp:group {\"style\":{\"spacing\":{\"padding\":{\"top\":\"104px\",\"bottom\":\"104px\"}}},\"gradient\":\"vivid-cyan-blue-to-vivid-purple\",\"layout\":{\"inherit\":true,\"type\":\"constrained\"}} -->\r\n<div id=\"contact\" class=\"wp-block-group has-vivid-cyan-blue-to-vivid-purple-gradient-background has-background\" style=\"padding-top: 104px; padding-bottom: 104px;\"><!-- wp:heading {\"textAlign\":\"center\",\"style\":{\"color\":{\"text\":\"#ffffff\"},\"typography\":{\"fontSize\":\"50px\"}}} -->\r\n<h2 class=\"wp-block-heading has-text-align-center has-text-color\" style=\"color: #ffffff; font-size: 50px; text-align: center;\">SOUTENEZ NOTRE ACTION<\/h2>\r\n<!-- \/wp:heading -->\r\n\r\n<!-- wp:buttons {\"align\":\"wide\",\"layout\":{\"type\":\"flex\",\"justifyContent\":\"center\",\"orientation\":\"horizontal\"},\"style\":{\"spacing\":{\"margin\":{\"top\":\"50px\"}}}} -->\r\n<div class=\"wp-block-buttons alignwide\" style=\"margin-top: 50px;\"><!-- wp:button {\"fontSize\":\"x-large\"} -->\r\n<div class=\"wp-block-button has-custom-font-size has-x-large-font-size\" style=\"text-align: center;\"><a class=\"wp-block-button__link wp-element-button\" href=\"https:\/\/send.monobank.ua\/jar\/868DLFqbgz\">DONATE<\/a><\/div>\r\n<!-- \/wp:button --><\/div>\r\n<!-- \/wp:buttons -->\r\n\r\n<!-- wp:paragraph {\"align\":\"center\",\"textColor\":\"ast-global-color-5\",\"fontSize\":\"medium\"} -->\r\n<p class=\"has-text-align-center has-ast-global-color-5-color has-text-color has-medium-font-size\" style=\"text-align: center;\">\u00a0<\/p>\r\n<\/div>\r\n<!-- \/wp:group -->","protected":false},"excerpt":{"rendered":"<p>NOTRE MISSION Le Club Familial Deux en Un \u00a0\u00a0\u00a0\u00a0\u00a0\u00a0\u00a0\u00a0 \u00a0\u00a0\u00a0\u00a0\u00a0La\u00a0guerre en Ukraine continue de faire des ravages. Des milliers de personnes ont perdu leurs proches, leurs foyers et leurs rep\u00e8res. Face \u00e0 cette d\u00e9tresse, nous avons choisi d\u2019agir. \u00a0 \u00a0 \u00a0 \u00a0 \u00a0 \u00a0Notre mission : reconstruire ce qui a \u00e9t\u00e9 d\u00e9truit, poser des fondations &hellip;<\/p>\n<p class=\"read-more\"> <a class=\"\" href=\"https:\/\/2in1.org.ua\/fr\/\"> <span class=\"screen-reader-text\">Home<\/span> Lire la suite\u00a0\u00bb<\/a><\/p>\n","protected":false},"author":1,"featured_media":77,"parent":0,"menu_order":0,"comment_status":"closed","ping_status":"closed","template":"","meta":{"site-sidebar-layout":"no-sidebar","site-content-layout":"default","ast-global-header-display":"","ast-main-header-display":"","ast-hfb-above-header-display":"","ast-hfb-below-header-display":"","ast-hfb-mobile-header-display":"","site-post-title":"","ast-breadcrumbs-content":"","ast-featured-img":"","footer-sml-layout":"","theme-transparent-header-meta":"enabled","adv-header-id-meta":"","stick-header-meta":"","header-above-stick-meta":"","header-main-stick-meta":"","header-below-stick-meta":"","footnotes":""},"class_list":["post-25","page","type-page","status-publish","has-post-thumbnail","hentry"],"_links":{"self":[{"href":"https:\/\/2in1.org.ua\/fr\/wp-json\/wp\/v2\/pages\/25","targetHints":{"allow":["GET"]}}],"collection":[{"href":"https:\/\/2in1.org.ua\/fr\/wp-json\/wp\/v2\/pages"}],"about":[{"href":"https:\/\/2in1.org.ua\/fr\/wp-json\/wp\/v2\/types\/page"}],"author":[{"embeddable":true,"href":"https:\/\/2in1.org.ua\/fr\/wp-json\/wp\/v2\/users\/1"}],"replies":[{"embeddable":true,"href":"https:\/\/2in1.org.ua\/fr\/wp-json\/wp\/v2\/comments?post=25"}],"version-history":[{"count":302,"href":"https:\/\/2in1.org.ua\/fr\/wp-json\/wp\/v2\/pages\/25\/revisions"}],"predecessor-version":[{"id":1895,"href":"https:\/\/2in1.org.ua\/fr\/wp-json\/wp\/v2\/pages\/25\/revisions\/1895"}],"wp:featuredmedia":[{"embeddable":true,"href":"https:\/\/2in1.org.ua\/fr\/wp-json\/wp\/v2\/media\/77"}],"wp:attachment":[{"href":"https:\/\/2in1.org.ua\/fr\/wp-json\/wp\/v2\/media?parent=25"}],"curies":[{"name":"wp","href":"https:\/\/api.w.org\/{rel}","templated":true}]}}