{"id":259,"date":"2023-02-13T14:48:26","date_gmt":"2023-02-13T12:48:26","guid":{"rendered":"https:\/\/2in1.org.ua\/uk\/?page_id=259"},"modified":"2024-07-30T17:24:28","modified_gmt":"2024-07-30T15:24:28","slug":"%d0%bf%d1%80%d0%be-%d0%bd%d0%b0%d1%81","status":"publish","type":"page","link":"https:\/\/2in1.org.ua\/fr\/%d0%bf%d1%80%d0%be-%d0%bd%d0%b0%d1%81\/","title":{"rendered":"\u041f\u0440\u043e \u043d\u0430\u0441"},"content":{"rendered":"\r\n<p class=\"has-text-align-center\"><strong>Organisation publique \u00ab\u00a0Family Club \u00ab\u00a0Two in One\u00a0\u00bb avec des principes chr\u00e9tiens<\/strong><\/p>\r\n\r\n\r\n\r\n<p>&nbsp;<\/p>\r\n\r\n\r\n\r\n<p>\u00a0\u00a0\u00a0\u00a0\u00a0\u00a0\u00a0\u00a0 \u00a0\u00a0\u00a0\u00a0\u00a0L&rsquo;ONG \u00ab\u00a0Family Club \u00ab\u00a0Two in One\u00a0\u00bb\u00a0\u00bb a \u00e9t\u00e9 enregistr\u00e9e en 2007 \u00e0 Kharkiv \u00e0 l&rsquo;initiative d&rsquo;un couple mari\u00e9, Sergey et Yanina Bykov, pasteurs de l&rsquo;\u00e9glise \u00ab\u00a0Friend of God\u00a0\u00bb.<\/p>\r\n\r\n\r\n\r\n<p>\u00a0\u00a0\u00a0\u00a0\u00a0\u00a0\u00a0\u00a0 \u00a0\u00a0\u00a0\u00a0\u00a0Tout d&rsquo;abord, les conjoints ont anim\u00e9 des ateliers visant \u00e0 r\u00e9tablir et \u00e0 am\u00e9liorer les relations dans les familles ukrainiennes. Ils ont aid\u00e9 de nombreuses familles \u00e0 \u00e9tablir l&rsquo;harmonie, \u00e0 am\u00e9liorer leur \u00e9tat \u00e9motionnel et \u00e0 \u00e9tablir des relations (trouver une compr\u00e9hension mutuelle) entre parents et enfants.<\/p>\r\n\r\n\r\n\r\n<p>\u00a0\u00a0\u00a0\u00a0\u00a0\u00a0\u00a0\u00a0 \u00a0\u00a0\u00a0\u00a0\u00a0 Sergiy et Yanina ont \u00e9galement offert des consultations aux organisations commerciales : ils ont enseign\u00e9 aux entreprises comment r\u00e9soudre correctement les conflits au sein de l&rsquo;\u00e9quipe et comment maintenir une atmosph\u00e8re de travail conviviale bas\u00e9e sur les principes bibliques.<\/p>\r\n\r\n\r\n\r\n<p>\u00a0\u00a0\u00a0\u00a0\u00a0\u00a0\u00a0\u00a0 \u00a0\u00a0\u00a0\u00a0\u00a0 Le couple travaille avec les Nations unies depuis 10 ans. Ensemble, ils ont r\u00e9ussi \u00e0 rendre des milliers d&rsquo;enfants heureux en leur offrant des cadeaux pour le Nouvel An \u00e0 Kharkiv.<\/p>\r\n\r\n\r\n\r\n<p>\u00a0\u00a0\u00a0\u00a0\u00a0\u00a0\u00a0\u00a0 \u00a0\u00a0\u00a0\u00a0\u00a0 Au d\u00e9but de l&rsquo;invasion russe, la famille Bykov de la ville de Kropyvnytskyi a organis\u00e9 un refuge pour les r\u00e9fugi\u00e9s et les personnes d\u00e9plac\u00e9es de l&rsquo;est de l&rsquo;Ukraine. Gr\u00e2ce \u00e0 des donateurs internationaux et ukrainiens et \u00e0 des personnes bienveillantes, ils ont fourni \u00e0 ces personnes tout ce dont elles avaient besoin : un lieu d&rsquo;h\u00e9bergement, de la nourriture, des m\u00e9dicaments, des v\u00eatements et des produits d&rsquo;hygi\u00e8ne. C&rsquo;est alors que leur mission s&rsquo;est poursuivie dans une nouvelle direction : aider et soutenir les victimes de la guerre, toutes cat\u00e9gories confondues. Cette mission est toujours la principale aujourd&rsquo;hui.<\/p>\r\n\r\n\r\n\r\n<p>\u00a0\u00a0\u00a0\u00a0\u00a0\u00a0\u00a0\u00a0 \u00a0\u00a0\u00a0\u00a0\u00a0 En juin 2022, les fondateurs de l&rsquo;ONG \u00ab\u00a0Two in One Family Club\u00a0\u00bb ont commenc\u00e9 \u00e0 organiser, en collaboration avec les Nations unies, l&rsquo;acheminement de l&rsquo;aide humanitaire aux Ukrainiens. Depuis lors, environ 60 tonnes de nourriture sont livr\u00e9es chaque mois. Les r\u00e9fugi\u00e9s vivant \u00e0 Odessa, Mykolaiv, Kherson et Kharkiv re\u00e7oivent r\u00e9guli\u00e8rement de l&rsquo;aide humanitaire de notre ONG.<\/p>\r\n\r\n\r\n\r\n<p class=\"has-text-align-center\"><strong> Nous ne nous reposons pas sur nos lauriers et nos principaux domaines d&rsquo;activit\u00e9 sont les suivants :<\/strong><\/p>\r\n\r\n\r\n\r\n<ol class=\"wp-block-list\">\r\n<li>Assistance aux r\u00e9sidents des territoires lib\u00e9r\u00e9s des r\u00e9gions de Kharkiv, Kherson et Mykolaiv ;\r\n<ol class=\"wp-block-list\" start=\"2\">\r\n<li>Transfert de l&rsquo;aide humanitaire aux personnes d\u00e9plac\u00e9es, aux familles nombreuses et aux autres personnes \u00e0 faible revenu touch\u00e9es par l&rsquo;agression russe dans les r\u00e9gions d&rsquo;Odessa, de Mykolaiv, de Kherson et de Kharkiv.<\/li>\r\n\r\n\r\n\r\n<li>Fournir les produits n\u00e9cessaires aux centres de r\u00e9habilitation pour les enfants atteints de paralysie c\u00e9r\u00e9brale.<\/li>\r\n\r\n\r\n\r\n<li>Aide aux h\u00f4pitaux des r\u00e9gions d&rsquo;Odessa, de Mykolaiv, de Kherson et de Kharkiv.<\/li>\r\n\r\n\r\n\r\n<li>Fournir aux enfants des jouets et de la nourriture pour b\u00e9b\u00e9s.<\/li>\r\n\r\n\r\n\r\n<li>Fournir aux centres de r\u00e9habilitation l&rsquo;\u00e9quipement n\u00e9cessaire.<\/li>\r\n\r\n\r\n\r\n<li>Fourniture de m\u00e9dicaments aux familles nombreuses et aux personnes \u00e0 faible revenu touch\u00e9es par l&rsquo;agression russe \u00e0 Odessa et \u00e0 Kharkiv.<\/li>\r\n\r\n\r\n\r\n<li>Fourniture de nourriture pour les animaux domestiques.<\/li>\r\n\r\n\r\n\r\n<li>Apporter une aide psychologique et un soutien spirituel.<\/li>\r\n\r\n\r\n\r\n<li>Aide aux personnes handicap\u00e9es, aux sourds-muets et aux malentendants.<\/li>\r\n\r\n\r\n\r\n<li>Remise en \u00e9tat des logements et des infrastructures logistiques endommag\u00e9s par les hostilit\u00e9s dans les territoires d\u00e9soccup\u00e9s.<\/li>\r\n\r\n\r\n\r\n<li>Int\u00e9gration du travail avec les organisations internationales dans les territoires lib\u00e9r\u00e9s.<\/li>\r\n\r\n\r\n\r\n<li>Assistance aux entreprises dans les territoires d\u00e9soccup\u00e9s.<\/li>\r\n\r\n\r\n\r\n<li>Reprise du travail des institutions \u00e9ducatives, culturelles et sportives dans les territoires lib\u00e9r\u00e9s.<\/li>\r\n\r\n\r\n\r\n<li>Restauration et d\u00e9veloppement des institutions m\u00e9dicales dans les territoires lib\u00e9r\u00e9s.<\/li>\r\n<\/ol>\r\n<\/li>\r\n<\/ol>\r\n\r\n\r\n\r\n<p>\u00a0\u00a0\u00a0\u00a0\u00a0\u00a0\u00a0\u00a0 \u00a0\u00a0\u00a0\u00a0\u00a0 Notre organisation pr\u00e9voit de continuer \u00e0 coop\u00e9rer avec les Nations unies et d&rsquo;autres donateurs, ainsi que de participer \u00e0 de nouveaux projets pour aider les milliers d&rsquo;Ukrainiens touch\u00e9s par l&rsquo;agression militaire de la Russie sur le territoire de l&rsquo;Ukraine.<\/p>\r\n\r\n\r\n\r\n<p class=\"has-text-align-center\"><strong>Comment pouvez-vous nous contr\u00f4ler ?<\/strong><\/p>\r\n\r\n\r\n\r\n<p>\u00a0\u00a0\u00a0\u00a0\u00a0\u00a0\u00a0\u00a0 \u00a0\u00a0\u00a0\u00a0\u00a0De nos jours, il existe de nombreuses organisations et fondations caritatives qui travaillent sans rel\u00e2che et honn\u00eatement pour aider les personnes dans le besoin. Malheureusement, dans le m\u00eame temps, un grand nombre de fraudeurs apparaissent, et il est assez difficile de les reconna\u00eetre. Pour vous assurer que nous sommes dignes de confiance, vous pouvez nous v\u00e9rifier vous-m\u00eame \u00e0 l&rsquo;aide d&rsquo;un ordinateur ou d&rsquo;un smartphone.<\/p>\r\n\r\n\r\n\r\n<p class=\"has-text-align-center\"><strong>Pour ce faire, vous devez<\/strong><\/p>\r\n\r\n\r\n\r\n<p>\u00a0\u00a0\u00a0\u00a0\u00a0\u00a0\u00a0\u00a0 \u00a0\u00a0\u00a0\u00a0\u00a0Suivre le lien vers le centre de ressources d&rsquo;information https:\/\/youcontrol.com.ua et entrer le nom de notre ONG. Vous pourrez ainsi voir si Two in One est officiellement enregistr\u00e9e ou non. De cette mani\u00e8re, vous pourrez \u00e9galement consulter toute notre documentation et v\u00e9rifier notre int\u00e9grit\u00e9.<\/p>\r\n\r\n\r\n\r\n<p>\u00a0\u00a0\u00a0\u00a0\u00a0\u00a0\u00a0\u00a0 \u00a0\u00a0\u00a0\u00a0\u00a0Allez sur notre page Instagram<a href=\"https:\/\/instagram.com\/dva.v.odnom_club?igshid=YmMyMTA2M2Y\"> https:\/\/instagram.com\/dva.v.odnom_club?igshid=YmMyMTA2M2Y<\/a> et voyez \u00e0 quoi servent les fonds donn\u00e9s. Nous indiquons toujours dans nos posts \u00e0 qui nous avons fourni de l&rsquo;aide humanitaire.<\/p>\r\n\r\n\r\n\r\n<p>\u00a0\u00a0\u00a0\u00a0\u00a0\u00a0\u00a0\u00a0 \u00a0\u00a0\u00a0\u00a0\u00a0Demandez-nous de vous envoyer un rapport indiquant o\u00f9 et \u00e0 quoi l&rsquo;argent a \u00e9t\u00e9 d\u00e9pens\u00e9.<\/p>\r\n\r\n\r\n\r\n<p>\u00a0\u00a0\u00a0\u00a0\u00a0\u00a0\u00a0\u00a0 \u00a0\u00a0\u00a0\u00a0\u00a0Discutez avec nos employ\u00e9s et les fondateurs de l&rsquo;ONG Two in One en personne.<\/p>\r\n\r\n\r\n\r\n<p>\u00a0\u00a0\u00a0\u00a0\u00a0\u00a0\u00a0\u00a0 \u00a0\u00a0\u00a0\u00a0\u00a0L&rsquo;un des signes d&rsquo;une fondation honn\u00eate est \u00e9galement l&rsquo;indication de l&rsquo;objet exact de la collecte de fonds. Nous ne pouvons pas collecter de l&rsquo;argent uniquement \u00e0 des fins \u00ab\u00a0caritatives\u00a0\u00bb. Nous avons des objectifs sp\u00e9cifiques et nous savons qui nous pouvons vraiment aider. C&rsquo;est pourquoi, lorsque nous lan\u00e7ons une collecte de fonds, nous indiquons toujours \u00e0 quoi serviront vos dons.<\/p>\r\n\r\n\r\n\r\n<div class=\"wp-block-buttons alignwide is-horizontal is-content-justification-center is-layout-flex wp-container-core-buttons-is-layout-bba8380a wp-block-buttons-is-layout-flex\" style=\"margin-top: 50px;\">\r\n<div class=\"wp-block-button has-custom-font-size has-x-large-font-size\"><a class=\"wp-block-button__link wp-element-button\" href=\"https:\/\/2in1.org.ua\/uk\/%d0%ba%d0%be%d0%bd%d1%82%d0%b0%d0%ba%d1%82%d0%b8\/\">DONATE<\/a><\/div>\r\n<\/div>\r\n","protected":false},"excerpt":{"rendered":"<p>Organisation publique \u00ab\u00a0Family Club \u00ab\u00a0Two in One\u00a0\u00bb avec des principes chr\u00e9tiens &nbsp; \u00a0\u00a0\u00a0\u00a0\u00a0\u00a0\u00a0\u00a0 \u00a0\u00a0\u00a0\u00a0\u00a0L&rsquo;ONG \u00ab\u00a0Family Club \u00ab\u00a0Two in One\u00a0\u00bb\u00a0\u00bb a \u00e9t\u00e9 enregistr\u00e9e en 2007 \u00e0 Kharkiv \u00e0 l&rsquo;initiative d&rsquo;un couple mari\u00e9, Sergey et Yanina Bykov, pasteurs de l&rsquo;\u00e9glise \u00ab\u00a0Friend of God\u00a0\u00bb. \u00a0\u00a0\u00a0\u00a0\u00a0\u00a0\u00a0\u00a0 \u00a0\u00a0\u00a0\u00a0\u00a0Tout d&rsquo;abord, les conjoints ont anim\u00e9 des ateliers visant \u00e0 r\u00e9tablir et \u00e0 &hellip;<\/p>\n<p class=\"read-more\"> <a class=\"\" href=\"https:\/\/2in1.org.ua\/fr\/%d0%bf%d1%80%d0%be-%d0%bd%d0%b0%d1%81\/\"> <span class=\"screen-reader-text\">\u041f\u0440\u043e \u043d\u0430\u0441<\/span> Lire la suite\u00a0\u00bb<\/a><\/p>\n","protected":false},"author":2,"featured_media":516,"parent":0,"menu_order":0,"comment_status":"closed","ping_status":"closed","template":"","meta":{"site-sidebar-layout":"default","site-content-layout":"default","ast-global-header-display":"","ast-main-header-display":"","ast-hfb-above-header-display":"","ast-hfb-below-header-display":"","ast-hfb-mobile-header-display":"","site-post-title":"","ast-breadcrumbs-content":"","ast-featured-img":"","footer-sml-layout":"","theme-transparent-header-meta":"default","adv-header-id-meta":"","stick-header-meta":"","header-above-stick-meta":"","header-main-stick-meta":"","header-below-stick-meta":"","footnotes":""},"class_list":["post-259","page","type-page","status-publish","has-post-thumbnail","hentry"],"_links":{"self":[{"href":"https:\/\/2in1.org.ua\/fr\/wp-json\/wp\/v2\/pages\/259","targetHints":{"allow":["GET"]}}],"collection":[{"href":"https:\/\/2in1.org.ua\/fr\/wp-json\/wp\/v2\/pages"}],"about":[{"href":"https:\/\/2in1.org.ua\/fr\/wp-json\/wp\/v2\/types\/page"}],"author":[{"embeddable":true,"href":"https:\/\/2in1.org.ua\/fr\/wp-json\/wp\/v2\/users\/2"}],"replies":[{"embeddable":true,"href":"https:\/\/2in1.org.ua\/fr\/wp-json\/wp\/v2\/comments?post=259"}],"version-history":[{"count":27,"href":"https:\/\/2in1.org.ua\/fr\/wp-json\/wp\/v2\/pages\/259\/revisions"}],"predecessor-version":[{"id":1780,"href":"https:\/\/2in1.org.ua\/fr\/wp-json\/wp\/v2\/pages\/259\/revisions\/1780"}],"wp:featuredmedia":[{"embeddable":true,"href":"https:\/\/2in1.org.ua\/fr\/wp-json\/wp\/v2\/media\/516"}],"wp:attachment":[{"href":"https:\/\/2in1.org.ua\/fr\/wp-json\/wp\/v2\/media?parent=259"}],"curies":[{"name":"wp","href":"https:\/\/api.w.org\/{rel}","templated":true}]}}