{"id":263,"date":"2023-02-13T14:48:26","date_gmt":"2023-02-13T12:48:26","guid":{"rendered":"https:\/\/2in1.org.ua\/uk\/?page_id=263"},"modified":"2025-08-02T18:17:51","modified_gmt":"2025-08-02T16:17:51","slug":"%d0%ba%d0%be%d0%bd%d1%82%d0%b0%d0%ba%d1%82%d0%b8","status":"publish","type":"page","link":"https:\/\/2in1.org.ua\/fr\/%d0%ba%d0%be%d0%bd%d1%82%d0%b0%d0%ba%d1%82%d0%b8\/","title":{"rendered":"\u041a\u043e\u043d\u0442\u0430\u043a\u0442\u0438"},"content":{"rendered":"\r\n<div class=\"wp-block-buttons\">\r\n<div class=\"wp-block-button aligncenter\"><a class=\"wp-block-button__link wp-element-button\">Contacts<\/a><\/div>\r\n<\/div>\r\n<h2><!-- \/wp:post-content -->\r\n\r\n<!-- wp:paragraph --><\/h2>\r\n<p><strong>Sergey Bykov<\/strong><br \/><img decoding=\"async\" src=\"https:\/\/childrenheroes.org\/wp-content\/themes\/children\/img\/tel-icon.png\" alt=\"\" \/><img decoding=\"async\" src=\"https:\/\/childrenheroes.org\/wp-content\/themes\/children\/img\/whatsapp-icon.png\" alt=\"\" \/><img decoding=\"async\" src=\"https:\/\/childrenheroes.org\/wp-content\/themes\/children\/img\/telegram-icon.png\" alt=\"\" \/> +380 67 57 21 917<\/p>\r\n<h2><!-- \/wp:paragraph -->\r\n\r\n<!-- wp:paragraph --><\/h2>\r\n<p><strong>Yanina Bykova<\/strong><br \/><img decoding=\"async\" src=\"https:\/\/childrenheroes.org\/wp-content\/themes\/children\/img\/tel-icon.png\" alt=\"\" \/><img decoding=\"async\" src=\"https:\/\/childrenheroes.org\/wp-content\/themes\/children\/img\/whatsapp-icon.png\" alt=\"\" \/><img decoding=\"async\" src=\"https:\/\/childrenheroes.org\/wp-content\/themes\/children\/img\/telegram-icon.png\" alt=\"\" \/> +380 50 32 30 324 ; +380 98 48 58 937<\/p>\r\n<h2><!-- \/wp:paragraph -->\r\n\r\n<!-- wp:paragraph --><\/h2>\r\n<p><img decoding=\"async\" src=\"https:\/\/childrenheroes.org\/wp-content\/themes\/children\/img\/email-icon.png\" alt=\"\" \/> <strong>dva.v.odnom.club@gmail.com<\/strong><\/p>\r\n<h4 class=\"wp-block-heading has-text-align-center\">Nos coordonn\u00e9es bancaires<\/h4>\r\n<!-- \/wp:paragraph -->\r\n\r\n<!-- wp:buttons -->\r\n<div class=\"wp-block-buttons\"><!-- wp:button {\"className\":\"aligncenter\",\"fontSize\":\"medium\"} -->\r\n<div class=\"wp-block-button has-custom-font-size aligncenter has-medium-font-size\"><a class=\"wp-block-button__link wp-element-button\">Pour les particuliers<\/a><\/div>\r\n<!-- \/wp:button --><\/div>\r\n<!-- \/wp:buttons -->\r\n\r\n<!-- wp:image {\"align\":\"right\",\"id\":1189,\"width\":90,\"height\":90,\"sizeSlug\":\"full\",\"linkDestination\":\"none\"} -->\r\n<figure class=\"wp-block-image alignright size-full is-resized\"><img loading=\"lazy\" decoding=\"async\" width=\"512\" height=\"512\" class=\"wp-image-1189\" style=\"width: 90px; height: 90px;\" src=\"https:\/\/2in1.org.ua\/wp-content\/uploads\/2023\/06\/unnamed.png\" alt=\"\" srcset=\"https:\/\/2in1.org.ua\/wp-content\/uploads\/2023\/06\/unnamed.png 512w, https:\/\/2in1.org.ua\/wp-content\/uploads\/2023\/06\/unnamed-300x300.png 300w, https:\/\/2in1.org.ua\/wp-content\/uploads\/2023\/06\/unnamed-150x150.png 150w\" sizes=\"auto, (max-width: 512px) 100vw, 512px\" \/><\/figure>\r\n<!-- \/wp:image -->\r\n\r\n<!-- wp:paragraph -->\r\n<p>MONOBANK<br \/>4441114456904356<br \/>Bykova Yanina Alexandrovna<\/p>\r\n<!-- \/wp:paragraph -->\r\n\r\n<!-- wp:image {\"align\":\"right\",\"id\":1191,\"width\":99,\"height\":56,\"sizeSlug\":\"large\",\"linkDestination\":\"none\"} -->\r\n<figure class=\"wp-block-image alignright size-large is-resized\"><img loading=\"lazy\" decoding=\"async\" width=\"1024\" height=\"576\" class=\"wp-image-1191\" style=\"width: 99px; height: 56px;\" src=\"https:\/\/2in1.org.ua\/wp-content\/uploads\/2023\/06\/flc-cxvcxduu-1024x576.jpg\" alt=\"\" srcset=\"https:\/\/2in1.org.ua\/wp-content\/uploads\/2023\/06\/flc-cxvcxduu-1024x576.jpg 1024w, https:\/\/2in1.org.ua\/wp-content\/uploads\/2023\/06\/flc-cxvcxduu-300x169.jpg 300w, https:\/\/2in1.org.ua\/wp-content\/uploads\/2023\/06\/flc-cxvcxduu-768x432.jpg 768w, https:\/\/2in1.org.ua\/wp-content\/uploads\/2023\/06\/flc-cxvcxduu.jpg 1200w\" sizes=\"auto, (max-width: 1024px) 100vw, 1024px\" \/><\/figure>\r\n<!-- \/wp:image -->\r\n\r\n<!-- wp:paragraph -->\r\n<p>PRIVAT BANK<br \/>4627055110292488<br \/>Sergey Vitalievich Bykov<\/p>\r\n<!-- \/wp:paragraph -->\r\n\r\n<!-- wp:image {\"align\":\"right\",\"id\":1192,\"width\":107,\"height\":60,\"sizeSlug\":\"full\",\"linkDestination\":\"none\"} -->\r\n<figure class=\"wp-block-image alignright size-full is-resized\"><img loading=\"lazy\" decoding=\"async\" width=\"800\" height=\"450\" class=\"wp-image-1192\" style=\"width: 107px; height: 60px;\" src=\"https:\/\/2in1.org.ua\/wp-content\/uploads\/2023\/06\/paypal.jpg\" alt=\"\" srcset=\"https:\/\/2in1.org.ua\/wp-content\/uploads\/2023\/06\/paypal.jpg 800w, https:\/\/2in1.org.ua\/wp-content\/uploads\/2023\/06\/paypal-300x169.jpg 300w, https:\/\/2in1.org.ua\/wp-content\/uploads\/2023\/06\/paypal-768x432.jpg 768w\" sizes=\"auto, (max-width: 800px) 100vw, 800px\" \/><\/figure>\r\n<!-- \/wp:image -->\r\n\r\n<!-- wp:paragraph -->\r\n<p>PAYPAL<br \/>bikovjan@gmail.com<\/p>\r\n<!-- \/wp:paragraph -->\r\n\r\n<!-- wp:image {\"align\":\"right\",\"id\":1193,\"width\":93,\"height\":51,\"sizeSlug\":\"full\",\"linkDestination\":\"none\"} -->\r\n<figure class=\"wp-block-image alignright size-full is-resized\"><img loading=\"lazy\" decoding=\"async\" width=\"304\" height=\"166\" class=\"wp-image-1193\" style=\"width: 93px; height: 51px;\" src=\"https:\/\/2in1.org.ua\/wp-content\/uploads\/2023\/06\/\u0411\u0435\u0437-\u043d\u0430\u0437\u0432\u0430\u043d\u0438\u044f.png\" alt=\"\" srcset=\"https:\/\/2in1.org.ua\/wp-content\/uploads\/2023\/06\/\u0411\u0435\u0437-\u043d\u0430\u0437\u0432\u0430\u043d\u0438\u044f.png 304w, https:\/\/2in1.org.ua\/wp-content\/uploads\/2023\/06\/\u0411\u0435\u0437-\u043d\u0430\u0437\u0432\u0430\u043d\u0438\u044f-300x164.png 300w\" sizes=\"auto, (max-width: 304px) 100vw, 304px\" \/><\/figure>\r\n<!-- \/wp:image -->\r\n\r\n<!-- wp:paragraph -->\r\n<p>Western Union<br \/>Bykova Yanina; Odessa, Ukraine, +380984858937<\/p>\r\n<!-- \/wp:paragraph -->\r\n\r\n<!-- wp:image {\"align\":\"right\",\"id\":1195,\"width\":96,\"height\":95,\"sizeSlug\":\"full\",\"linkDestination\":\"none\"} -->\r\n<figure class=\"wp-block-image alignright size-full is-resized\"><img loading=\"lazy\" decoding=\"async\" width=\"530\" height=\"526\" class=\"wp-image-1195\" style=\"width: 96px; height: 95px;\" src=\"https:\/\/2in1.org.ua\/wp-content\/uploads\/2023\/06\/Bitcoin_Digital_Currency_Logo.png\" alt=\"\" srcset=\"https:\/\/2in1.org.ua\/wp-content\/uploads\/2023\/06\/Bitcoin_Digital_Currency_Logo.png 530w, https:\/\/2in1.org.ua\/wp-content\/uploads\/2023\/06\/Bitcoin_Digital_Currency_Logo-300x298.png 300w, https:\/\/2in1.org.ua\/wp-content\/uploads\/2023\/06\/Bitcoin_Digital_Currency_Logo-150x150.png 150w\" sizes=\"auto, (max-width: 530px) 100vw, 530px\" \/><\/figure>\r\n<!-- \/wp:image -->\r\n\r\n<!-- wp:paragraph -->\r\n<p><strong>Crypto-monnaie<\/strong><\/p>\r\n<!-- \/wp:paragraph -->\r\n\r\n<!-- wp:paragraph -->\r\n<p><strong>Tether Trc20 (USDT)<\/strong><br \/>TTMvZtSgue7ZGb66ELg4JJ6buwGhTfAX86<\/p>\r\n<!-- \/wp:paragraph -->\r\n\r\n<!-- wp:paragraph -->\r\n<p><strong>Bitcoin<\/strong><br \/>bc1qavkh7vrtzdy9kscpwc00auszr4600eyfkhsxuz<\/p>\r\n<!-- \/wp:paragraph -->\r\n\r\n<!-- wp:paragraph -->\r\n<p><strong>Ethereum<\/strong><br \/>0xb2CB6878e5A11F687E332af598308a6635246Cf1<\/p>\r\n<!-- \/wp:paragraph -->\r\n\r\n<!-- wp:buttons -->\r\n<div class=\"wp-block-buttons\"><!-- wp:button {\"className\":\"aligncenter\"} -->\r\n<div class=\"wp-block-button aligncenter\"><a class=\"wp-block-button__link wp-element-button\">Pour les personnes morales<\/a><\/div>\r\n<!-- \/wp:button --><\/div>\r\n<!-- \/wp:buttons -->\r\n\r\n<!-- wp:paragraph -->\r\n<p>&nbsp;<\/p>\r\n<!-- \/wp:paragraph -->\r\n\r\n<!-- wp:image {\"id\":1191,\"width\":213,\"height\":120,\"sizeSlug\":\"large\",\"linkDestination\":\"none\"} -->\r\n<figure class=\"wp-block-image size-large is-resized\"><img loading=\"lazy\" decoding=\"async\" width=\"1024\" height=\"576\" class=\"wp-image-1191\" style=\"width: 213px; height: 120px;\" src=\"https:\/\/2in1.org.ua\/wp-content\/uploads\/2023\/06\/flc-cxvcxduu-1024x576.jpg\" alt=\"\" srcset=\"https:\/\/2in1.org.ua\/wp-content\/uploads\/2023\/06\/flc-cxvcxduu-1024x576.jpg 1024w, https:\/\/2in1.org.ua\/wp-content\/uploads\/2023\/06\/flc-cxvcxduu-300x169.jpg 300w, https:\/\/2in1.org.ua\/wp-content\/uploads\/2023\/06\/flc-cxvcxduu-768x432.jpg 768w, https:\/\/2in1.org.ua\/wp-content\/uploads\/2023\/06\/flc-cxvcxduu.jpg 1200w\" sizes=\"auto, (max-width: 1024px) 100vw, 1024px\" \/><\/figure>\r\n<!-- \/wp:image -->\r\n\r\n<!-- wp:paragraph -->\r\n<p><strong>Nom du b\u00e9n\u00e9ficiaire :<\/strong><br \/>OP \u00ab\u00a0FAMILY CLUB \u00ab\u00a0TWO IN ONE\u00a0\u00bb<\/p>\r\n<!-- \/wp:paragraph -->\r\n\r\n<!-- wp:paragraph -->\r\n<p><strong>Code du b\u00e9n\u00e9ficiaire :<\/strong><br \/>34758281<\/p>\r\n<!-- \/wp:paragraph -->\r\n\r\n<!-- wp:paragraph -->\r\n<p><strong>Compte du b\u00e9n\u00e9ficiaire :<\/strong><br \/>UA513515330000026007060711652<\/p>\r\n<!-- \/wp:paragraph -->\r\n\r\n<!-- wp:paragraph -->\r\n<p><strong>Nom de la banque :<\/strong><br \/>KHARKIV BRANCH OF JSC CB \u00ab\u00a0PRIVATBANK\u00a0\u00bb<\/p>\r\n<!-- \/wp:paragraph -->\r\n\r\n<!-- wp:separator {\"className\":\"is-style-wide\"} --><hr class=\"wp-block-separator has-alpha-channel-opacity is-style-wide\" \/><!-- \/wp:separator -->\r\n\r\n<!-- wp:image {\"id\":1232,\"width\":212,\"height\":212,\"sizeSlug\":\"full\",\"linkDestination\":\"none\"} -->\r\n<figure class=\"wp-block-image size-full is-resized\"><img loading=\"lazy\" decoding=\"async\" width=\"400\" height=\"400\" class=\"wp-image-1232\" style=\"width: 212px; height: 212px;\" src=\"https:\/\/2in1.org.ua\/wp-content\/uploads\/2023\/06\/jp-morgan.png\" alt=\"\" srcset=\"https:\/\/2in1.org.ua\/wp-content\/uploads\/2023\/06\/jp-morgan.png 400w, https:\/\/2in1.org.ua\/wp-content\/uploads\/2023\/06\/jp-morgan-300x300.png 300w, https:\/\/2in1.org.ua\/wp-content\/uploads\/2023\/06\/jp-morgan-150x150.png 150w\" sizes=\"auto, (max-width: 400px) 100vw, 400px\" \/><\/figure>\r\n<!-- \/wp:image -->\r\n\r\n<!-- wp:paragraph -->\r\n<p><strong>J.P. MORGAN AG, FRANKFURT AM MAIN, ALLEMAGNE<\/strong><\/p>\r\n<!-- \/wp:paragraph -->\r\n\r\n<!-- wp:paragraph -->\r\n<p><strong>Informations sur la soci\u00e9t\u00e9<\/strong><br \/><strong>Nom de l&rsquo;entreprise<\/strong><br \/>OP \u00ab\u00a0FAMILY CLUB \u00ab\u00a0TWO IN ONE\u00a0\u00bb<br \/><strong>Code IBAN<\/strong><br \/>UA703515330000026004015901001<br \/><strong>Nom de la banque<\/strong><br \/>JSC CB \u00ab\u00a0PRIVATBANK\u00a0\u00bb, 1D HRUSHEVSKOHO STR., KYIV, 01001, UKRAINE<br \/><strong>Code SWIFT de la banque<\/strong><br \/>PBANUA2X<br \/><strong>Adresse de la soci\u00e9t\u00e9<\/strong><br \/>UA 61204 Kharkiv city Kharkiv Peremohy ave. 62 bldg. D sq.64 <br \/><strong>Banques correspondantes<\/strong><br \/><strong>Compte dans la banque correspondante<\/strong><br \/>400886700401<br \/><strong>Code SWIFT de la banque correspondante<\/strong><br \/>COBADEFF<br \/><strong>Banque correspondante<\/strong><br \/>Commerzbank AG, Francfort-sur-le-Main, Allemagneou<br \/><strong>Compte dans la banque correspondante<\/strong><br \/>6231605145<br \/><strong>Code SWIFT de la banque correspondante<\/strong><br \/>CHASDEFX<br \/><strong>Banque correspondante<\/strong><br \/>J.P.MORGAN AG, FRANKFURT AM MAIN, ALLEMAGNE<\/p>\r\n<!-- \/wp:paragraph -->\r\n\r\n<!-- wp:separator {\"className\":\"is-style-wide\"} --><hr class=\"wp-block-separator has-alpha-channel-opacity is-style-wide\" \/><!-- \/wp:separator -->\r\n\r\n<!-- wp:image {\"id\":1234,\"width\":241,\"height\":118,\"sizeSlug\":\"full\",\"linkDestination\":\"none\"} -->\r\n<figure class=\"wp-block-image size-full is-resized\"><img loading=\"lazy\" decoding=\"async\" width=\"512\" height=\"250\" class=\"wp-image-1234\" style=\"width: 241px; height: 118px;\" src=\"https:\/\/2in1.org.ua\/wp-content\/uploads\/2023\/06\/unnamed.jpg\" alt=\"\" srcset=\"https:\/\/2in1.org.ua\/wp-content\/uploads\/2023\/06\/unnamed.jpg 512w, https:\/\/2in1.org.ua\/wp-content\/uploads\/2023\/06\/unnamed-300x146.jpg 300w\" sizes=\"auto, (max-width: 512px) 100vw, 512px\" \/><\/figure>\r\n<!-- \/wp:image -->\r\n\r\n<!-- wp:paragraph -->\r\n<p><strong>Citibank N.A., NEW YORK, USA<\/strong><\/p>\r\n<!-- \/wp:paragraph -->\r\n\r\n<!-- wp:paragraph -->\r\n<p><strong>Informations sur la soci\u00e9t\u00e9<\/strong><br \/><strong>Nom de l&rsquo;entreprise<\/strong><br \/>OP \u00ab\u00a0FAMILY CLUB \u00ab\u00a0TWO IN ONE\u00a0\u00bb<br \/><strong>Code IBAN<\/strong><br \/>UA383515330000026002025903024<br \/><strong>Nom de la banque<\/strong><br \/>JSC CB \u00ab\u00a0PRIVATBANK\u00a0\u00bb, 1D HRUSHEVSKOHO STR., KYIV, 01001, UKRAINE<br \/><strong>Code SWIFT de la banque<\/strong><br \/>PBANUA2X<br \/><strong>Adresse de la soci\u00e9t\u00e9<\/strong><br \/>UA 61204 Kharkiv city Kharkiv Peremohy ave. 62 bldg. D sq.64 <br \/><strong>Banques correspondantes<br \/>Compte dans la banque correspondante<\/strong><br \/>001-1-000080<br \/><strong>Code SWIFT de la banque correspondante<\/strong><br \/>CHASUS33<br \/><strong>Banque correspondante<\/strong><br \/>JP Morgan Chase Bank, New York ,USAou<br \/><strong>Compte dans la banque correspondante<\/strong><br \/>890-0085-754<br \/><strong>Code SWIFT de la banque correspondante<\/strong><br \/>IRVT US 3N<br \/><strong>Banque correspondante<\/strong><br \/>The Bank of New York Mellon, New York, USAou<br \/><strong>Compte dans la banque correspondante<\/strong><br \/>36445343<br \/><strong>Code SWIFT de la banque correspondante<\/strong><br \/>CITI US 33<br \/><strong>Banque correspondante<\/strong><br \/>Citibank N.A., NEW YORK, USA<\/p>\r\n<!-- \/wp:paragraph -->\r\n\r\n<!-- wp:buttons -->\r\n<div class=\"wp-block-buttons\"><!-- wp:button {\"className\":\"aligncenter\"} -->\r\n<div class=\"wp-block-button aligncenter\"><a class=\"wp-block-button__link wp-element-button\">Contacts<\/a><\/div>\r\n<!-- \/wp:button --><\/div>\r\n<!-- \/wp:buttons -->\r\n\r\n<!-- wp:paragraph -->\r\n<p><strong>Sergey Bykov<\/strong><br \/><img decoding=\"async\" src=\"https:\/\/childrenheroes.org\/wp-content\/themes\/children\/img\/tel-icon.png\" alt=\"\" \/><img decoding=\"async\" src=\"https:\/\/childrenheroes.org\/wp-content\/themes\/children\/img\/whatsapp-icon.png\" alt=\"\" \/><img decoding=\"async\" src=\"https:\/\/childrenheroes.org\/wp-content\/themes\/children\/img\/telegram-icon.png\" alt=\"\" \/> +380 67 57 21 917<\/p>\r\n<!-- \/wp:paragraph -->\r\n\r\n<!-- wp:paragraph -->\r\n<p><strong>Yanina Bykova<\/strong><br \/><img decoding=\"async\" src=\"https:\/\/childrenheroes.org\/wp-content\/themes\/children\/img\/tel-icon.png\" alt=\"\" \/><img decoding=\"async\" src=\"https:\/\/childrenheroes.org\/wp-content\/themes\/children\/img\/whatsapp-icon.png\" alt=\"\" \/><img decoding=\"async\" src=\"https:\/\/childrenheroes.org\/wp-content\/themes\/children\/img\/telegram-icon.png\" alt=\"\" \/> +380 50 32 30 324 ; +380 98 48 58 937<\/p>\r\n<!-- \/wp:paragraph -->\r\n\r\n<!-- wp:paragraph -->\r\n<p><img decoding=\"async\" src=\"https:\/\/childrenheroes.org\/wp-content\/themes\/children\/img\/email-icon.png\" alt=\"\" \/> <strong>dva.v.odnom.club@gmail.com<\/strong><\/p>\r\n<!-- \/wp:paragraph -->\r\n\r\n<!-- wp:heading {\"level\":3} -->\r\n<h3 class=\"wp-block-heading\">DOCUMENTS D&rsquo;ENREGISTREMENT<\/h3>\r\n<!-- \/wp:heading -->\r\n\r\n<!-- wp:paragraph -->\r\n<p><strong>Num\u00e9ro d&rsquo;enregistrement:\u00a0<\/strong>34758281<\/p>\r\n<!-- \/wp:paragraph -->\r\n\r\n<!-- wp:paragraph -->\r\n<p><strong>Date d&rsquo;enregistrement:<\/strong> 19.01.2007<\/p>\r\n<!-- \/wp:paragraph -->\r\n\r\n<!-- wp:paragraph -->\r\n<p><strong>Statut:\u00a0<\/strong><a href=\"https:\/\/drive.google.com\/drive\/folders\/1kVUp-81Pty2T9QkmEB-vCeU0vC_ihsWU?usp=share_link\" data-type=\"URL\" data-id=\"https:\/\/drive.google.com\/drive\/folders\/1kVUp-81Pty2T9QkmEB-vCeU0vC_ihsWU?usp=share_link\">Lien<\/a><\/p>\r\n<!-- \/wp:paragraph -->\r\n\r\n<!-- wp:paragraph -->\r\n<p><strong>Extrait du registre d&rsquo;\u00e9tat:\u00a0<\/strong><a href=\"https:\/\/drive.google.com\/drive\/folders\/1Oj9CxTA9Ave-gcMUbgNGBOz2F_deETBE\" data-type=\"URL\" data-id=\"https:\/\/drive.google.com\/drive\/folders\/1Oj9CxTA9Ave-gcMUbgNGBOz2F_deETBE\">Lien<\/a><\/p>\r\n<!-- \/wp:paragraph -->\r\n\r\n<!-- wp:paragraph -->\r\n<p><strong>D\u00e9cision sur l&rsquo;absence de but lucratif:\u00a0<\/strong><a href=\"https:\/\/drive.google.com\/drive\/folders\/1A9e9LKP4Trg-yTjl0utRe8tRuhNpcBSB\" data-type=\"URL\" data-id=\"https:\/\/drive.google.com\/drive\/folders\/1A9e9LKP4Trg-yTjl0utRe8tRuhNpcBSB\">Lien<\/a><\/p>\r\n<p><strong>Rapports sur les r\u00e9sultats financiers:<\/strong><\/p>\r\n<ul>\r\n<li><strong>ann\u00e9e 2022 &#8211;\u00a0<a href=\"https:\/\/drive.google.com\/drive\/folders\/11MhVsYpD7R-IsmNv4WcBFH7wlKvm38jk?usp=sharing\" target=\"_blank\" rel=\"noopener\">Lien<\/a><\/strong><\/li>\r\n<li><strong>ann\u00e9e 2023 &#8211;\u00a0<a href=\"https:\/\/drive.google.com\/drive\/folders\/1IXf-7-wGxJu2qJl72_Cj5B0Zzk5jAKzL?usp=sharing\" target=\"_blank\" rel=\"noopener\">Lien<\/a><\/strong><\/li>\r\n<\/ul>\r\n<!-- \/wp:paragraph -->\r\n\r\n<!-- wp:paragraph -->\r\n<p><strong>Adresse l\u00e9gale : <\/strong><br \/>1) 31-a Heroiv Truda St., bldg. 20, Kharkiv, 61136, Ukraine<br \/>2) 71 Kanatna St., Odesa, 65012, Ukraine<\/p>\r\n<!-- \/wp:paragraph -->\r\n\r\n<!-- wp:buttons {\"layout\":{\"type\":\"flex\",\"justifyContent\":\"left\",\"flexWrap\":\"wrap\",\"orientation\":\"horizontal\"},\"fontSize\":\"medium\"} -->\r\n<div class=\"wp-block-buttons has-custom-font-size has-medium-font-size\"><!-- wp:button {\"style\":{\"border\":{\"radius\":\"100px\"}},\"className\":\"is-style-fill\"} -->\r\n<div class=\"wp-block-button is-style-fill\"><a class=\"wp-block-button__link wp-element-button\" style=\"border-radius: 100px;\" href=\"https:\/\/choko.link\/dva_v_odnom_club\" rel=\"https:\/\/choko.link\/dva_v_odnom_club\">CLIQUEZ ICI pour voir toutes nos ressources en ligne<\/a><\/div>\r\n<!-- \/wp:button --><\/div>\r\n<!-- \/wp:buttons -->\r\n\r\n<!-- wp:paragraph {\"align\":\"left\"} -->\r\n<p class=\"has-text-align-left\">\ud83d\udc46 <a href=\"https:\/\/tiktok.com\/@dva.v.odnom_club\" data-type=\"URL\" data-id=\"https:\/\/tiktok.com\/@dva.v.odnom_club\"><img loading=\"lazy\" decoding=\"async\" width=\"50\" height=\"50\" class=\"wp-image-870\" style=\"width: 50px;\" src=\"https:\/\/2in1.org.ua\/wp-content\/uploads\/2023\/03\/image-35.png\" alt=\"\" srcset=\"https:\/\/2in1.org.ua\/wp-content\/uploads\/2023\/03\/image-35.png 512w, https:\/\/2in1.org.ua\/wp-content\/uploads\/2023\/03\/image-35-300x300.png 300w, https:\/\/2in1.org.ua\/wp-content\/uploads\/2023\/03\/image-35-150x150.png 150w\" sizes=\"auto, (max-width: 50px) 100vw, 50px\" \/><\/a> \ud83d\udc46 <a href=\"https:\/\/instagram.com\/dva.v.odnom_club?igshid=YmMyMTA2M2Y=\" data-type=\"URL\" data-id=\"https:\/\/instagram.com\/dva.v.odnom_club?igshid=YmMyMTA2M2Y=\"><img loading=\"lazy\" decoding=\"async\" width=\"50\" height=\"50\" class=\"wp-image-875\" style=\"width: 50px;\" src=\"https:\/\/2in1.org.ua\/wp-content\/uploads\/2023\/03\/instagram.png\" alt=\"\" srcset=\"https:\/\/2in1.org.ua\/wp-content\/uploads\/2023\/03\/instagram.png 512w, https:\/\/2in1.org.ua\/wp-content\/uploads\/2023\/03\/instagram-300x300.png 300w, https:\/\/2in1.org.ua\/wp-content\/uploads\/2023\/03\/instagram-150x150.png 150w\" sizes=\"auto, (max-width: 50px) 100vw, 50px\" \/><\/a> \ud83d\udc46 <a href=\"https:\/\/www.facebook.com\/profile.php?id=100067122257315\" data-type=\"URL\" data-id=\"https:\/\/www.facebook.com\/profile.php?id=100067122257315\"><img loading=\"lazy\" decoding=\"async\" width=\"50\" height=\"50\" class=\"wp-image-876\" style=\"width: 50px;\" src=\"https:\/\/2in1.org.ua\/wp-content\/uploads\/2023\/03\/facebook-picture-5a3c060eccfa84.1675788915138831508396.jpg\" alt=\"\" srcset=\"https:\/\/2in1.org.ua\/wp-content\/uploads\/2023\/03\/facebook-picture-5a3c060eccfa84.1675788915138831508396.jpg 260w, https:\/\/2in1.org.ua\/wp-content\/uploads\/2023\/03\/facebook-picture-5a3c060eccfa84.1675788915138831508396-150x150.jpg 150w\" sizes=\"auto, (max-width: 50px) 100vw, 50px\" \/><\/a> \ud83d\udc46 <a href=\"https:\/\/www.youtube.com\/channel\/UC6WOWCcxCy4dsei5eb-9Pxg\" data-type=\"URL\" data-id=\"https:\/\/www.youtube.com\/channel\/UC6WOWCcxCy4dsei5eb-9Pxg\"><img loading=\"lazy\" decoding=\"async\" width=\"50\" height=\"50\" class=\"wp-image-877\" style=\"width: 50px;\" src=\"https:\/\/2in1.org.ua\/wp-content\/uploads\/2023\/03\/4096116.png\" alt=\"\" srcset=\"https:\/\/2in1.org.ua\/wp-content\/uploads\/2023\/03\/4096116.png 512w, https:\/\/2in1.org.ua\/wp-content\/uploads\/2023\/03\/4096116-300x300.png 300w, https:\/\/2in1.org.ua\/wp-content\/uploads\/2023\/03\/4096116-150x150.png 150w\" sizes=\"auto, (max-width: 50px) 100vw, 50px\" \/><\/a> \ud83d\udc46<a href=\"http:\/\/https:\/\/x.com\/Dva_v_Odnomu\" target=\"_blank\" rel=\"noopener\"><img loading=\"lazy\" decoding=\"async\" class=\"alignnone wp-image-1376\" src=\"https:\/\/2in1.org.ua\/wp-content\/uploads\/2023\/12\/image-300x300.png\" alt=\"Twitter X\" width=\"50\" height=\"50\" srcset=\"https:\/\/2in1.org.ua\/wp-content\/uploads\/2023\/12\/image-300x300.png 300w, https:\/\/2in1.org.ua\/wp-content\/uploads\/2023\/12\/image-150x150.png 150w, https:\/\/2in1.org.ua\/wp-content\/uploads\/2023\/12\/image.png 600w\" sizes=\"auto, (max-width: 50px) 100vw, 50px\" \/><\/a><\/p>\r\n<figure id=\"attachment_1786\" style=\"width: 298px\"  class=\"wp-caption aligncenter\"><img loading=\"lazy\" decoding=\"async\" class=\"wp-image-1786 size-medium\" src=\"https:\/\/2in1.org.ua\/wp-content\/uploads\/2024\/08\/QR-\u043a\u043e\u0434-\u041d\u0430\u0448\u0456-\u0440\u0435\u0441\u0443\u0440\u0441\u0438-298x300.jpg\" alt=\"Code QR - Nos ressources\" width=\"298\" height=\"300\" srcset=\"https:\/\/2in1.org.ua\/wp-content\/uploads\/2024\/08\/QR-\u043a\u043e\u0434-\u041d\u0430\u0448\u0456-\u0440\u0435\u0441\u0443\u0440\u0441\u0438-298x300.jpg 298w, https:\/\/2in1.org.ua\/wp-content\/uploads\/2024\/08\/QR-\u043a\u043e\u0434-\u041d\u0430\u0448\u0456-\u0440\u0435\u0441\u0443\u0440\u0441\u0438-150x150.jpg 150w, https:\/\/2in1.org.ua\/wp-content\/uploads\/2024\/08\/QR-\u043a\u043e\u0434-\u041d\u0430\u0448\u0456-\u0440\u0435\u0441\u0443\u0440\u0441\u0438-768x773.jpg 768w, https:\/\/2in1.org.ua\/wp-content\/uploads\/2024\/08\/QR-\u043a\u043e\u0434-\u041d\u0430\u0448\u0456-\u0440\u0435\u0441\u0443\u0440\u0441\u0438.jpg 994w\" sizes=\"auto, (max-width: 298px) 100vw, 298px\" \/><figcaption class=\"wp-caption-text\"><strong>Utilisez le QR code pour acc\u00e9der \u00e0 nos r\u00e9seaux sociaux<\/strong><\/figcaption><\/figure>\r\n<!-- \/wp:paragraph -->\r\n\r\n<!-- wp:paragraph -->\r\n<p>&nbsp;<\/p>\r\n<!-- \/wp:paragraph -->","protected":false},"excerpt":{"rendered":"<p>Contacts Sergey Bykov +380 67 57 21 917 Yanina Bykova +380 50 32 30 324 ; +380 98 48 58 937 dva.v.odnom.club@gmail.com Nos coordonn\u00e9es bancaires Pour les particuliers MONOBANK4441114456904356Bykova Yanina Alexandrovna PRIVAT BANK4627055110292488Sergey Vitalievich Bykov PAYPALbikovjan@gmail.com Western UnionBykova Yanina; Odessa, Ukraine, +380984858937 Crypto-monnaie Tether Trc20 (USDT)TTMvZtSgue7ZGb66ELg4JJ6buwGhTfAX86 Bitcoinbc1qavkh7vrtzdy9kscpwc00auszr4600eyfkhsxuz Ethereum0xb2CB6878e5A11F687E332af598308a6635246Cf1 Pour les personnes morales &nbsp; Nom du &hellip;<\/p>\n<p class=\"read-more\"> <a class=\"\" href=\"https:\/\/2in1.org.ua\/fr\/%d0%ba%d0%be%d0%bd%d1%82%d0%b0%d0%ba%d1%82%d0%b8\/\"> <span class=\"screen-reader-text\">\u041a\u043e\u043d\u0442\u0430\u043a\u0442\u0438<\/span> Lire la suite\u00a0\u00bb<\/a><\/p>\n","protected":false},"author":2,"featured_media":0,"parent":0,"menu_order":0,"comment_status":"closed","ping_status":"closed","template":"","meta":{"site-sidebar-layout":"default","site-content-layout":"default","ast-global-header-display":"","ast-main-header-display":"","ast-hfb-above-header-display":"","ast-hfb-below-header-display":"","ast-hfb-mobile-header-display":"","site-post-title":"disabled","ast-breadcrumbs-content":"","ast-featured-img":"","footer-sml-layout":"","theme-transparent-header-meta":"default","adv-header-id-meta":"","stick-header-meta":"","header-above-stick-meta":"","header-main-stick-meta":"","header-below-stick-meta":"","footnotes":"[]"},"class_list":["post-263","page","type-page","status-publish","hentry"],"_links":{"self":[{"href":"https:\/\/2in1.org.ua\/fr\/wp-json\/wp\/v2\/pages\/263","targetHints":{"allow":["GET"]}}],"collection":[{"href":"https:\/\/2in1.org.ua\/fr\/wp-json\/wp\/v2\/pages"}],"about":[{"href":"https:\/\/2in1.org.ua\/fr\/wp-json\/wp\/v2\/types\/page"}],"author":[{"embeddable":true,"href":"https:\/\/2in1.org.ua\/fr\/wp-json\/wp\/v2\/users\/2"}],"replies":[{"embeddable":true,"href":"https:\/\/2in1.org.ua\/fr\/wp-json\/wp\/v2\/comments?post=263"}],"version-history":[{"count":120,"href":"https:\/\/2in1.org.ua\/fr\/wp-json\/wp\/v2\/pages\/263\/revisions"}],"predecessor-version":[{"id":1868,"href":"https:\/\/2in1.org.ua\/fr\/wp-json\/wp\/v2\/pages\/263\/revisions\/1868"}],"wp:attachment":[{"href":"https:\/\/2in1.org.ua\/fr\/wp-json\/wp\/v2\/media?parent=263"}],"curies":[{"name":"wp","href":"https:\/\/api.w.org\/{rel}","templated":true}]}}