{"id":689,"date":"2023-02-28T15:29:24","date_gmt":"2023-02-28T13:29:24","guid":{"rendered":"https:\/\/2in1.org.ua\/uk\/?page_id=689"},"modified":"2023-06-07T11:50:55","modified_gmt":"2023-06-07T09:50:55","slug":"%d0%bd%d0%b0%d1%88%d1%96-%d0%bf%d1%80%d0%be%d1%94%d0%ba%d1%82%d0%b8","status":"publish","type":"page","link":"https:\/\/2in1.org.ua\/fr\/%d0%bd%d0%b0%d1%88%d1%96-%d0%bf%d1%80%d0%be%d1%94%d0%ba%d1%82%d0%b8\/","title":{"rendered":"\u041d\u0430\u0448\u0456 \u043f\u0440\u043e\u0454\u043a\u0442\u0438"},"content":{"rendered":"<ul class=\"wp-block-latest-posts__list alignright wp-block-latest-posts has-medium-font-size\"><li><div class=\"wp-block-latest-posts__featured-image alignleft\"><a href=\"https:\/\/2in1.org.ua\/fr\/%d0%bf%d1%80%d0%b8%d1%82%d1%83%d0%bb%d0%be%d0%ba-%d0%b4%d0%bb%d1%8f-%d0%bf%d0%b5%d1%80%d0%b5%d1%81%d0%b5%d0%bb%d0%b5%d0%bd%d1%86%d1%96%d0%b2-%d0%b7%d1%96-%d1%81%d1%85%d1%96%d0%b4%d0%bd%d0%be%d1%97\/\" aria-label=\"ABRI POUR LES D\u00c9PLACEMENTS DE L\u2019EST DE L\u2019UKRAINE\"><img loading=\"lazy\" decoding=\"async\" width=\"780\" height=\"470\" src=\"https:\/\/2in1.org.ua\/wp-content\/uploads\/2024\/08\/\u041f\u0435\u0440\u0435\u0441\u0435\u043b\u0435\u043d\u0446\u0456.jpg\" class=\"attachment-large size-large wp-post-image\" alt=\"\" style=\"max-width:300px;\" srcset=\"https:\/\/2in1.org.ua\/wp-content\/uploads\/2024\/08\/\u041f\u0435\u0440\u0435\u0441\u0435\u043b\u0435\u043d\u0446\u0456.jpg 780w, https:\/\/2in1.org.ua\/wp-content\/uploads\/2024\/08\/\u041f\u0435\u0440\u0435\u0441\u0435\u043b\u0435\u043d\u0446\u0456-300x181.jpg 300w, https:\/\/2in1.org.ua\/wp-content\/uploads\/2024\/08\/\u041f\u0435\u0440\u0435\u0441\u0435\u043b\u0435\u043d\u0446\u0456-768x463.jpg 768w\" sizes=\"auto, (max-width: 780px) 100vw, 780px\" \/><\/a><\/div><a class=\"wp-block-latest-posts__post-title\" href=\"https:\/\/2in1.org.ua\/fr\/%d0%bf%d1%80%d0%b8%d1%82%d1%83%d0%bb%d0%be%d0%ba-%d0%b4%d0%bb%d1%8f-%d0%bf%d0%b5%d1%80%d0%b5%d1%81%d0%b5%d0%bb%d0%b5%d0%bd%d1%86%d1%96%d0%b2-%d0%b7%d1%96-%d1%81%d1%85%d1%96%d0%b4%d0%bd%d0%be%d1%97\/\">ABRI POUR LES D\u00c9PLACEMENTS DE L\u2019EST DE L\u2019UKRAINE<\/a><\/li>\n<li><div class=\"wp-block-latest-posts__featured-image alignleft\"><a href=\"https:\/\/2in1.org.ua\/fr\/%d0%bf%d1%80%d0%be%d1%94%d0%ba%d1%82-%d1%87%d0%b8%d1%81%d1%82%d0%b0-%d0%ba%d1%80%d0%b8%d0%bd%d0%b8%d1%86%d1%8f\/\" aria-label=\"PROJET \u00ab\u00a0BIEN NETTOYER\u00a0\u00bb\"><img loading=\"lazy\" decoding=\"async\" width=\"479\" height=\"640\" src=\"https:\/\/2in1.org.ua\/wp-content\/uploads\/2024\/02\/9.jpg\" class=\"attachment-large size-large wp-post-image\" alt=\"\u0423\u0441\u0442\u0430\u043d\u043e\u0432\u043a\u0430 \u0434\u043b\u044f \u043e\u0447\u0438\u0449\u0435\u043d\u043d\u044f \u0432\u043e\u0434\u0438 - \u0411\u0456\u043b\u0430 \u043a\u0440\u0438\u043d\u0438\u0446\u044f\" style=\"max-width:300px;\" srcset=\"https:\/\/2in1.org.ua\/wp-content\/uploads\/2024\/02\/9.jpg 479w, https:\/\/2in1.org.ua\/wp-content\/uploads\/2024\/02\/9-225x300.jpg 225w\" sizes=\"auto, (max-width: 479px) 100vw, 479px\" \/><\/a><\/div><a class=\"wp-block-latest-posts__post-title\" href=\"https:\/\/2in1.org.ua\/fr\/%d0%bf%d1%80%d0%be%d1%94%d0%ba%d1%82-%d1%87%d0%b8%d1%81%d1%82%d0%b0-%d0%ba%d1%80%d0%b8%d0%bd%d0%b8%d1%86%d1%8f\/\">PROJET \u00ab\u00a0BIEN NETTOYER\u00a0\u00bb<\/a><\/li>\n<li><div class=\"wp-block-latest-posts__featured-image alignleft\"><a href=\"https:\/\/2in1.org.ua\/fr\/%d0%bf\/\" aria-label=\"AIDE PRODUIT AUX H\u00d4PITAUX\"><img loading=\"lazy\" decoding=\"async\" width=\"1000\" height=\"664\" src=\"https:\/\/2in1.org.ua\/wp-content\/uploads\/2024\/02\/\u0425\u0410\u0420\u0427\u0418.png\" class=\"attachment-large size-large wp-post-image\" alt=\"\u041f\u0420\u041e\u0414\u0423\u041a\u0422\u041e\u0412\u0410 \u0414\u041e\u041f\u041e\u041c\u041e\u0413\u0410 \u041b\u0406\u041a\u0410\u0420\u041d\u042f\u041c\" style=\"max-width:300px;\" srcset=\"https:\/\/2in1.org.ua\/wp-content\/uploads\/2024\/02\/\u0425\u0410\u0420\u0427\u0418.png 1000w, https:\/\/2in1.org.ua\/wp-content\/uploads\/2024\/02\/\u0425\u0410\u0420\u0427\u0418-300x199.png 300w, https:\/\/2in1.org.ua\/wp-content\/uploads\/2024\/02\/\u0425\u0410\u0420\u0427\u0418-768x510.png 768w\" sizes=\"auto, (max-width: 1000px) 100vw, 1000px\" \/><\/a><\/div><a class=\"wp-block-latest-posts__post-title\" href=\"https:\/\/2in1.org.ua\/fr\/%d0%bf\/\">AIDE PRODUIT AUX H\u00d4PITAUX<\/a><\/li>\n<li><div class=\"wp-block-latest-posts__featured-image alignleft\"><a href=\"https:\/\/2in1.org.ua\/fr\/%d0%bf%d1%80%d0%be%d0%b4%d1%83%d0%ba%d1%82%d0%be%d0%b2%d0%b0-%d0%b4%d0%be%d0%bf%d0%be%d0%bc%d0%be%d0%b3%d0%b0-%d0%bb%d1%96%d0%ba%d0%b0%d1%80%d0%bd%d1%8f%d0%bc\/\" aria-label=\"PROJET \u00ab\u00a0DESSIN D&rsquo;ENFANTS DE KHERSON\u00a0\u00bb\"><img loading=\"lazy\" decoding=\"async\" width=\"656\" height=\"464\" src=\"https:\/\/2in1.org.ua\/wp-content\/uploads\/2024\/02\/\u041c\u0410\u041b\u042e\u041d\u041a\u0418.jpg\" class=\"attachment-large size-large wp-post-image\" alt=\"\u041c\u0430\u043b\u044e\u043d\u043a\u0438\" style=\"max-width:300px;\" srcset=\"https:\/\/2in1.org.ua\/wp-content\/uploads\/2024\/02\/\u041c\u0410\u041b\u042e\u041d\u041a\u0418.jpg 656w, https:\/\/2in1.org.ua\/wp-content\/uploads\/2024\/02\/\u041c\u0410\u041b\u042e\u041d\u041a\u0418-300x212.jpg 300w\" sizes=\"auto, (max-width: 656px) 100vw, 656px\" \/><\/a><\/div><a class=\"wp-block-latest-posts__post-title\" href=\"https:\/\/2in1.org.ua\/fr\/%d0%bf%d1%80%d0%be%d0%b4%d1%83%d0%ba%d1%82%d0%be%d0%b2%d0%b0-%d0%b4%d0%be%d0%bf%d0%be%d0%bc%d0%be%d0%b3%d0%b0-%d0%bb%d1%96%d0%ba%d0%b0%d1%80%d0%bd%d1%8f%d0%bc\/\">PROJET \u00ab\u00a0DESSIN D&rsquo;ENFANTS DE KHERSON\u00a0\u00bb<\/a><\/li>\n<li><div class=\"wp-block-latest-posts__featured-image alignleft\"><a href=\"https:\/\/2in1.org.ua\/fr\/%d0%bf%d1%96%d0%b4%d1%82%d1%80%d0%b8%d0%bc%d0%ba%d0%b0-%d0%be%d1%81%d1%96%d0%b1-%d0%b7-%d0%be%d0%b1%d0%bc%d0%b5%d0%b6%d0%b5%d0%bd%d0%b8%d0%bc%d0%b8-%d0%bc%d0%be%d0%b6%d0%bb%d0%b8%d0%b2%d0%be%d1%81\/\" aria-label=\"AIDE REFUGE POUR ANIMAUX \u00ab\u00a0GANT\u00a0\u00bb\"><img loading=\"lazy\" decoding=\"async\" width=\"1024\" height=\"813\" src=\"https:\/\/2in1.org.ua\/wp-content\/uploads\/2023\/03\/\u041f\u0420\u0418\u0422\u0423\u041b\u041e\u041a-1024x813.png\" class=\"attachment-large size-large wp-post-image\" alt=\"\u0414\u043e\u043f\u043e\u043c\u043e\u0433\u0430 \u043f\u0440\u0438\u0442\u0443\u043b\u043a\u0443 &quot;\u0420\u0443\u043a\u0430\u0432\u0438\u0447\u043a\u0430&quot;\" style=\"max-width:300px;\" srcset=\"https:\/\/2in1.org.ua\/wp-content\/uploads\/2023\/03\/\u041f\u0420\u0418\u0422\u0423\u041b\u041e\u041a-1024x813.png 1024w, https:\/\/2in1.org.ua\/wp-content\/uploads\/2023\/03\/\u041f\u0420\u0418\u0422\u0423\u041b\u041e\u041a-300x238.png 300w, https:\/\/2in1.org.ua\/wp-content\/uploads\/2023\/03\/\u041f\u0420\u0418\u0422\u0423\u041b\u041e\u041a-768x610.png 768w, https:\/\/2in1.org.ua\/wp-content\/uploads\/2023\/03\/\u041f\u0420\u0418\u0422\u0423\u041b\u041e\u041a.png 1280w\" sizes=\"auto, (max-width: 1024px) 100vw, 1024px\" \/><\/a><\/div><a class=\"wp-block-latest-posts__post-title\" href=\"https:\/\/2in1.org.ua\/fr\/%d0%bf%d1%96%d0%b4%d1%82%d1%80%d0%b8%d0%bc%d0%ba%d0%b0-%d0%be%d1%81%d1%96%d0%b1-%d0%b7-%d0%be%d0%b1%d0%bc%d0%b5%d0%b6%d0%b5%d0%bd%d0%b8%d0%bc%d0%b8-%d0%bc%d0%be%d0%b6%d0%bb%d0%b8%d0%b2%d0%be%d1%81\/\">AIDE REFUGE POUR ANIMAUX \u00ab\u00a0GANT\u00a0\u00bb<\/a><\/li>\n<li><div class=\"wp-block-latest-posts__featured-image alignleft\"><a href=\"https:\/\/2in1.org.ua\/fr\/%d0%b4%d0%be%d0%bf%d0%be%d0%bc%d0%be%d0%b3%d0%b0-%d0%ba%d0%be%d1%80%d0%bc%d0%b0%d0%bc%d0%b8-%d0%b4%d0%bb%d1%8f-%d0%b3%d0%be%d0%b4%d1%83%d0%b2%d0%b0%d0%bd%d0%bd%d1%8f-%d0%b4%d0%be%d0%bc%d0%b0%d1%88\/\" aria-label=\"Soutien aux migrants forc\u00e9s\"><img loading=\"lazy\" decoding=\"async\" width=\"207\" height=\"362\" src=\"https:\/\/2in1.org.ua\/wp-content\/uploads\/2024\/02\/5-1.png\" class=\"attachment-large size-large wp-post-image\" alt=\"\u0414\u043e\u043f\u043e\u043c\u043e\u0433\u0430 \u043f\u0435\u0440\u0435\u0441\u0435\u043b\u0435\u043d\u0446\u044f\u043c\" style=\"max-width:300px;\" srcset=\"https:\/\/2in1.org.ua\/wp-content\/uploads\/2024\/02\/5-1.png 207w, https:\/\/2in1.org.ua\/wp-content\/uploads\/2024\/02\/5-1-172x300.png 172w\" sizes=\"auto, (max-width: 207px) 100vw, 207px\" \/><\/a><\/div><a class=\"wp-block-latest-posts__post-title\" href=\"https:\/\/2in1.org.ua\/fr\/%d0%b4%d0%be%d0%bf%d0%be%d0%bc%d0%be%d0%b3%d0%b0-%d0%ba%d0%be%d1%80%d0%bc%d0%b0%d0%bc%d0%b8-%d0%b4%d0%bb%d1%8f-%d0%b3%d0%be%d0%b4%d1%83%d0%b2%d0%b0%d0%bd%d0%bd%d1%8f-%d0%b4%d0%be%d0%bc%d0%b0%d1%88\/\">Soutien aux migrants forc\u00e9s<\/a><\/li>\n<li><div class=\"wp-block-latest-posts__featured-image alignleft\"><a href=\"https:\/\/2in1.org.ua\/fr\/%d0%b7%d0%b0%d0%b1%d0%b5%d0%b7%d0%bf%d0%b5%d1%87%d0%b5%d0%bd%d0%bd%d1%8f-%d0%bb%d1%96%d0%ba%d0%b0%d0%bc%d0%b8-%d0%b1%d0%b0%d0%b3%d0%b0%d1%82%d0%be%d0%b4%d1%96%d1%82%d0%bd%d0%b8%d1%85-%d1%81%d1%96\/\" aria-label=\"PROJET \u00ab\u00a0EAU PROPRE POUR LA Oblast DE KHERSON\u00a0\u00bb\"><img loading=\"lazy\" decoding=\"async\" width=\"960\" height=\"1014\" src=\"https:\/\/2in1.org.ua\/wp-content\/uploads\/2024\/02\/10-2.jpg\" class=\"attachment-large size-large wp-post-image\" alt=\"\u0423\u0441\u0442\u0430\u043d\u043e\u0432\u043a\u0430 \u0432 \u0441\u043c\u0442 \u041a\u043e\u043c\u0438\u0448\u0430\u043d\u0438\" style=\"max-width:300px;\" srcset=\"https:\/\/2in1.org.ua\/wp-content\/uploads\/2024\/02\/10-2.jpg 960w, https:\/\/2in1.org.ua\/wp-content\/uploads\/2024\/02\/10-2-284x300.jpg 284w, https:\/\/2in1.org.ua\/wp-content\/uploads\/2024\/02\/10-2-768x811.jpg 768w\" sizes=\"auto, (max-width: 960px) 100vw, 960px\" \/><\/a><\/div><a class=\"wp-block-latest-posts__post-title\" href=\"https:\/\/2in1.org.ua\/fr\/%d0%b7%d0%b0%d0%b1%d0%b5%d0%b7%d0%bf%d0%b5%d1%87%d0%b5%d0%bd%d0%bd%d1%8f-%d0%bb%d1%96%d0%ba%d0%b0%d0%bc%d0%b8-%d0%b1%d0%b0%d0%b3%d0%b0%d1%82%d0%be%d0%b4%d1%96%d1%82%d0%bd%d0%b8%d1%85-%d1%81%d1%96\/\">PROJET \u00ab\u00a0EAU PROPRE POUR LA Oblast DE KHERSON\u00a0\u00bb<\/a><\/li>\n<li><div class=\"wp-block-latest-posts__featured-image alignleft\"><a href=\"https:\/\/2in1.org.ua\/fr\/%d0%b4%d0%be%d0%bf%d0%be%d0%bc%d0%be%d0%b3%d0%b0-%d0%bb%d1%96%d0%ba%d0%b0%d1%80%d0%bd%d1%8f%d0%bc-%d0%be%d0%b4%d0%b5%d1%81%d1%8c%d0%ba%d0%be%d1%97-%d0%bc%d0%b8%d0%ba%d0%be%d0%bb%d0%b0%d1%97%d0%b2\/\" aria-label=\"AIDE \u00c0 LA R\u00c9GION DE KHERSON BLESS\u00c9E\"><img loading=\"lazy\" decoding=\"async\" width=\"441\" height=\"301\" src=\"https:\/\/2in1.org.ua\/wp-content\/uploads\/2024\/02\/1-5.png\" class=\"attachment-large size-large wp-post-image\" alt=\"\u0414\u043e\u043f\u043e\u043c\u043e\u0433\u0430 \u0425\u0435\u0440\u0441\u043e\u043d\u0449\u0438\u043d\u0456\" style=\"max-width:300px;\" srcset=\"https:\/\/2in1.org.ua\/wp-content\/uploads\/2024\/02\/1-5.png 441w, https:\/\/2in1.org.ua\/wp-content\/uploads\/2024\/02\/1-5-300x205.png 300w\" sizes=\"auto, (max-width: 441px) 100vw, 441px\" \/><\/a><\/div><a class=\"wp-block-latest-posts__post-title\" href=\"https:\/\/2in1.org.ua\/fr\/%d0%b4%d0%be%d0%bf%d0%be%d0%bc%d0%be%d0%b3%d0%b0-%d0%bb%d1%96%d0%ba%d0%b0%d1%80%d0%bd%d1%8f%d0%bc-%d0%be%d0%b4%d0%b5%d1%81%d1%8c%d0%ba%d0%be%d1%97-%d0%bc%d0%b8%d0%ba%d0%be%d0%bb%d0%b0%d1%97%d0%b2\/\">AIDE \u00c0 LA R\u00c9GION DE KHERSON BLESS\u00c9E<\/a><\/li>\n<li><div class=\"wp-block-latest-posts__featured-image alignleft\"><a href=\"https:\/\/2in1.org.ua\/fr\/%d0%b4%d0%be%d0%bf%d0%be%d0%bc%d0%be%d0%b3%d0%b0-%d0%be%d0%b4%d0%b5%d1%81%d1%8c%d0%ba%d0%be%d0%bc%d1%83-%d0%b8%d0%bd%d0%ba%d0%bb%d1%8e%d0%b7%d0%b8%d0%b2%d0%bd%d0%be-%d1%80%d0%b5%d1%81%d1%83%d1%80\/\" aria-label=\"AIDE \u00c0 KHERSON\"><img loading=\"lazy\" decoding=\"async\" width=\"1024\" height=\"532\" src=\"https:\/\/2in1.org.ua\/wp-content\/uploads\/2024\/02\/1-1024x532.jpg\" class=\"attachment-large size-large wp-post-image\" alt=\"\u0414\u043e\u043f\u043e\u043c\u043e\u0433\u0430 \u0425\u0435\u0440\u0441\u043e\u043d\u0443\" style=\"max-width:300px;\" srcset=\"https:\/\/2in1.org.ua\/wp-content\/uploads\/2024\/02\/1-1024x532.jpg 1024w, https:\/\/2in1.org.ua\/wp-content\/uploads\/2024\/02\/1-300x156.jpg 300w, https:\/\/2in1.org.ua\/wp-content\/uploads\/2024\/02\/1-768x399.jpg 768w, https:\/\/2in1.org.ua\/wp-content\/uploads\/2024\/02\/1.jpg 1201w\" sizes=\"auto, (max-width: 1024px) 100vw, 1024px\" \/><\/a><\/div><a class=\"wp-block-latest-posts__post-title\" href=\"https:\/\/2in1.org.ua\/fr\/%d0%b4%d0%be%d0%bf%d0%be%d0%bc%d0%be%d0%b3%d0%b0-%d0%be%d0%b4%d0%b5%d1%81%d1%8c%d0%ba%d0%be%d0%bc%d1%83-%d0%b8%d0%bd%d0%ba%d0%bb%d1%8e%d0%b7%d0%b8%d0%b2%d0%bd%d0%be-%d1%80%d0%b5%d1%81%d1%83%d1%80\/\">AIDE \u00c0 KHERSON<\/a><\/li>\n<li><div class=\"wp-block-latest-posts__featured-image alignleft\"><a href=\"https:\/\/2in1.org.ua\/fr\/%d0%b4%d0%be%d0%bf%d0%be%d0%bc%d0%be%d0%b3%d0%b0-%d0%b6%d0%b8%d1%82%d0%b5%d0%bb%d1%8f%d0%bc-%d0%bd%d0%b0-%d0%b7%d0%b2%d1%96%d0%bb%d1%8c%d0%bd%d0%b5%d0%bd%d0%b8%d1%85-%d1%82%d0%b5%d1%80%d0%b8%d1%82-3\/\" aria-label=\"AIDEZ LES BESOINS\"><img loading=\"lazy\" decoding=\"async\" width=\"630\" height=\"354\" src=\"https:\/\/2in1.org.ua\/wp-content\/uploads\/2024\/02\/\u041d\u0423\u0416\u0414\u0415\u041d\u041d\u0406-1.jpg\" class=\"attachment-large size-large wp-post-image\" alt=\"\u0414\u041e\u041f\u041e\u041c\u041e\u0413\u0410 \u041d\u0423\u0416\u0414\u0415\u041d\u041d\u0418\u041c\" style=\"max-width:300px;\" srcset=\"https:\/\/2in1.org.ua\/wp-content\/uploads\/2024\/02\/\u041d\u0423\u0416\u0414\u0415\u041d\u041d\u0406-1.jpg 630w, https:\/\/2in1.org.ua\/wp-content\/uploads\/2024\/02\/\u041d\u0423\u0416\u0414\u0415\u041d\u041d\u0406-1-300x169.jpg 300w\" sizes=\"auto, (max-width: 630px) 100vw, 630px\" \/><\/a><\/div><a class=\"wp-block-latest-posts__post-title\" href=\"https:\/\/2in1.org.ua\/fr\/%d0%b4%d0%be%d0%bf%d0%be%d0%bc%d0%be%d0%b3%d0%b0-%d0%b6%d0%b8%d1%82%d0%b5%d0%bb%d1%8f%d0%bc-%d0%bd%d0%b0-%d0%b7%d0%b2%d1%96%d0%bb%d1%8c%d0%bd%d0%b5%d0%bd%d0%b8%d1%85-%d1%82%d0%b5%d1%80%d0%b8%d1%82-3\/\">AIDEZ LES BESOINS<\/a><\/li>\n<li><div class=\"wp-block-latest-posts__featured-image alignleft\"><a href=\"https:\/\/2in1.org.ua\/fr\/%d0%b4%d0%be%d0%bf%d0%be%d0%bc%d0%be%d0%b3%d0%b0-%d0%b6%d0%b8%d1%82%d0%b5%d0%bb%d1%8f%d0%bc-%d0%bd%d0%b0-%d0%b7%d0%b2%d1%96%d0%bb%d1%8c%d0%bd%d0%b5%d0%bd%d0%b8%d1%85-%d1%82%d0%b5%d1%80%d0%b8%d1%82-2\/\" aria-label=\"AIDE AUX ENFANTS\"><img loading=\"lazy\" decoding=\"async\" width=\"1024\" height=\"683\" src=\"https:\/\/2in1.org.ua\/wp-content\/uploads\/2023\/03\/\u0414\u042b\u0422\u0418-1024x683.jpg\" class=\"attachment-large size-large wp-post-image\" alt=\"\u0414\u043e\u043f\u043e\u043c\u043e\u0433\u0430 \u0434\u0456\u0442\u044f\u043c\" style=\"max-width:300px;\" srcset=\"https:\/\/2in1.org.ua\/wp-content\/uploads\/2023\/03\/\u0414\u042b\u0422\u0418-1024x683.jpg 1024w, https:\/\/2in1.org.ua\/wp-content\/uploads\/2023\/03\/\u0414\u042b\u0422\u0418-300x200.jpg 300w, https:\/\/2in1.org.ua\/wp-content\/uploads\/2023\/03\/\u0414\u042b\u0422\u0418-768x512.jpg 768w, https:\/\/2in1.org.ua\/wp-content\/uploads\/2023\/03\/\u0414\u042b\u0422\u0418-1536x1024.jpg 1536w, https:\/\/2in1.org.ua\/wp-content\/uploads\/2023\/03\/\u0414\u042b\u0422\u0418-2048x1366.jpg 2048w\" sizes=\"auto, (max-width: 1024px) 100vw, 1024px\" \/><\/a><\/div><a class=\"wp-block-latest-posts__post-title\" href=\"https:\/\/2in1.org.ua\/fr\/%d0%b4%d0%be%d0%bf%d0%be%d0%bc%d0%be%d0%b3%d0%b0-%d0%b6%d0%b8%d1%82%d0%b5%d0%bb%d1%8f%d0%bc-%d0%bd%d0%b0-%d0%b7%d0%b2%d1%96%d0%bb%d1%8c%d0%bd%d0%b5%d0%bd%d0%b8%d1%85-%d1%82%d0%b5%d1%80%d0%b8%d1%82-2\/\">AIDE AUX ENFANTS<\/a><\/li>\n<li><div class=\"wp-block-latest-posts__featured-image alignleft\"><a href=\"https:\/\/2in1.org.ua\/fr\/%d0%b4%d0%be%d0%bf%d0%be%d0%bc%d0%be%d0%b3%d0%b0-%d0%b6%d0%b8%d1%82%d0%b5%d0%bb%d1%8f%d0%bc-%d0%bd%d0%b0-%d0%b7%d0%b2%d1%96%d0%bb%d1%8c%d0%bd%d0%b5%d0%bd%d0%b8%d1%85-%d1%82%d0%b5%d1%80%d0%b8%d1%82\/\" aria-label=\"AIDE AUX PERSONNES HANDICAP\u00c9ES\"><img loading=\"lazy\" decoding=\"async\" width=\"275\" height=\"183\" src=\"https:\/\/2in1.org.ua\/wp-content\/uploads\/2023\/03\/\u0406\u041d\u0412\u0410\u041b\u0406\u0414\u0418.jpg\" class=\"attachment-large size-large wp-post-image\" alt=\"\u0414\u041e\u041f\u041e\u041c\u041e\u0413\u0410 \u041b\u042e\u0414\u042f\u041c \u0417 \u0406\u041d\u0412\u0410\u041b\u0406\u0414\u041d\u0406\u0421\u0422\u042e\" style=\"max-width:300px;\" \/><\/a><\/div><a class=\"wp-block-latest-posts__post-title\" href=\"https:\/\/2in1.org.ua\/fr\/%d0%b4%d0%be%d0%bf%d0%be%d0%bc%d0%be%d0%b3%d0%b0-%d0%b6%d0%b8%d1%82%d0%b5%d0%bb%d1%8f%d0%bc-%d0%bd%d0%b0-%d0%b7%d0%b2%d1%96%d0%bb%d1%8c%d0%bd%d0%b5%d0%bd%d0%b8%d1%85-%d1%82%d0%b5%d1%80%d0%b8%d1%82\/\">AIDE AUX PERSONNES HANDICAP\u00c9ES<\/a><\/li>\n<li><div class=\"wp-block-latest-posts__featured-image alignleft\"><a href=\"https:\/\/2in1.org.ua\/fr\/%d0%b4%d0%be%d0%bf%d0%be%d0%bc%d0%be%d0%b3%d0%b0-%d0%b6%d0%b8%d1%82%d0%b5%d0%bb%d1%8f%d0%bc-%d0%bd%d0%b0%d0%b7%d0%b2%d1%96%d0%bb%d1%8c%d0%bd%d0%b5%d0%bd%d0%b8%d1%85-%d1%82%d0%b5%d1%80%d0%b8%d1%82\/\" aria-label=\"ASSISTANCE \u00c0 LA M\u00c9DECINE\"><img loading=\"lazy\" decoding=\"async\" width=\"259\" height=\"194\" src=\"https:\/\/2in1.org.ua\/wp-content\/uploads\/2023\/03\/\u041c\u0415\u0414\u0418\u041a\u0410\u041c.jpg\" class=\"attachment-large size-large wp-post-image\" alt=\"\u0414\u041e\u041f\u041e\u041c\u041e\u0413\u0410 \u041c\u0415\u0414\u0418\u041a\u0410\u041c\" style=\"max-width:300px;\" \/><\/a><\/div><a class=\"wp-block-latest-posts__post-title\" href=\"https:\/\/2in1.org.ua\/fr\/%d0%b4%d0%be%d0%bf%d0%be%d0%bc%d0%be%d0%b3%d0%b0-%d0%b6%d0%b8%d1%82%d0%b5%d0%bb%d1%8f%d0%bc-%d0%bd%d0%b0%d0%b7%d0%b2%d1%96%d0%bb%d1%8c%d0%bd%d0%b5%d0%bd%d0%b8%d1%85-%d1%82%d0%b5%d1%80%d0%b8%d1%82\/\">ASSISTANCE \u00c0 LA M\u00c9DECINE<\/a><\/li>\n<\/ul>","protected":false},"excerpt":{"rendered":"","protected":false},"author":2,"featured_media":0,"parent":0,"menu_order":0,"comment_status":"closed","ping_status":"closed","template":"","meta":{"site-sidebar-layout":"default","site-content-layout":"default","ast-global-header-display":"","ast-main-header-display":"","ast-hfb-above-header-display":"","ast-hfb-below-header-display":"","ast-hfb-mobile-header-display":"","site-post-title":"","ast-breadcrumbs-content":"","ast-featured-img":"","footer-sml-layout":"","theme-transparent-header-meta":"","adv-header-id-meta":"","stick-header-meta":"","header-above-stick-meta":"","header-main-stick-meta":"","header-below-stick-meta":"","footnotes":""},"class_list":["post-689","page","type-page","status-publish","hentry"],"_links":{"self":[{"href":"https:\/\/2in1.org.ua\/fr\/wp-json\/wp\/v2\/pages\/689","targetHints":{"allow":["GET"]}}],"collection":[{"href":"https:\/\/2in1.org.ua\/fr\/wp-json\/wp\/v2\/pages"}],"about":[{"href":"https:\/\/2in1.org.ua\/fr\/wp-json\/wp\/v2\/types\/page"}],"author":[{"embeddable":true,"href":"https:\/\/2in1.org.ua\/fr\/wp-json\/wp\/v2\/users\/2"}],"replies":[{"embeddable":true,"href":"https:\/\/2in1.org.ua\/fr\/wp-json\/wp\/v2\/comments?post=689"}],"version-history":[{"count":14,"href":"https:\/\/2in1.org.ua\/fr\/wp-json\/wp\/v2\/pages\/689\/revisions"}],"predecessor-version":[{"id":1390,"href":"https:\/\/2in1.org.ua\/fr\/wp-json\/wp\/v2\/pages\/689\/revisions\/1390"}],"wp:attachment":[{"href":"https:\/\/2in1.org.ua\/fr\/wp-json\/wp\/v2\/media?parent=689"}],"curies":[{"name":"wp","href":"https:\/\/api.w.org\/{rel}","templated":true}]}}